{"id":32570,"date":"2020-07-08T16:35:54","date_gmt":"2020-07-08T14:35:54","guid":{"rendered":"https:\/\/firstcitiz.com\/?page_id=32570"},"modified":"2021-11-20T17:13:15","modified_gmt":"2021-11-20T16:13:15","slug":"politique-de-protection-des-donnees","status":"publish","type":"page","link":"https:\/\/www.firstcitiz.com\/fr\/politique-de-protection-des-donnees","title":{"rendered":"Politique de protection des donn\u00e9es"},"content":{"rendered":"\n<p>&nbsp;<\/p>\n<h1 style=\"text-align: center;\"><strong>Politique de protection des donn\u00e9es<\/strong><\/h1>\n\n\n\n<hr class=\"wp-block-separator has-text-color has-background has-luminous-vivid-orange-background-color has-luminous-vivid-orange-color is-style-wide\"\/>\n\n\n<div class=\"main-container \">\n<div class=\"container marketing\">\n<div class=\"row\">\n<div id=\"rechts\">\n<div class=\"span9\">\n<div class=\"item-page\">\n<p style=\"text-align: justify;\"><strong>Cookies<\/strong><\/p>\n<p style=\"text-align: justify;\">En stockant les donn\u00e9es utilisateur sur les cookies de votre ordinateur, vous pouvez utiliser rapidement et facilement notre site Web. Au cours des visites ult\u00e9rieures, l&#8217;utilisateur sera reconnu et le site Web sera adapt\u00e9 \u00e0 ses int\u00e9r\u00eats, sans devoir entrer de nouveau toutes les informations. Si vous n&#8217;acceptez pas les cookies, modifiez les param\u00e8tres de votre navigateur afin que tous les cookies soient bloqu\u00e9s ou supprim\u00e9s apr\u00e8s avoir ferm\u00e9 votre navigateur. En outre, vous pouvez configurer votre navigateur pour vous informer lorsqu&#8217;il tente de m\u00e9moriser un cookie.<\/p>\n<p style=\"text-align: justify;\"><strong>Protection des donn\u00e9es<\/strong><\/p>\n<p style=\"text-align: justify;\">Nous assurons la s\u00e9curit\u00e9 de vos donn\u00e9es personnelles, telles que le nom, l&#8217;adresse, le num\u00e9ro de t\u00e9l\u00e9phone et l&#8217;adresse \u00e9lectronique, et exploiter le site Web de First Citiz GmbH conform\u00e9ment aux r\u00e8gles actuelles de s\u00e9curit\u00e9 de la vie priv\u00e9e et des donn\u00e9es.<\/p>\n<p style=\"text-align: justify;\"><strong>Donn\u00e9es personnelles<\/strong><\/p>\n<p style=\"text-align: justify;\">Les donn\u00e9es personnelles ne sont collect\u00e9es que sur notre site avec l&#8217;accord express de l&#8217;utilisateur. L&#8217;utilisateur d\u00e9cide si des donn\u00e9es sont entr\u00e9es ou non pour des statistiques, un enregistrement ou autre. Ces donn\u00e9es personnelles seront utilis\u00e9es exclusivement pour traiter une commande ou une demande ou fournir \u00e0 l&#8217;utilisateur des offres et des informations pertinentes. First Citiz GmbH peut \u00e9galement stocker, traiter et utiliser des donn\u00e9es personnelles, r\u00e9pondre aux demandes des clients, maintenir les relations avec la client\u00e8le et am\u00e9liorer les produits et services. First Citiz GmbH ne vend pas de renseignements personnels \u00e0 des tiers, ne les commercialise pas et ne le partage pas d&#8217;une autre mani\u00e8re avec d&#8217;autres personnes. Si l&#8217;utilisateur n&#8217;est pas d&#8217;accord avec les donn\u00e9es personnelles utilis\u00e9es de la mani\u00e8re susmentionn\u00e9e, il peut nous informer \u00e0 tout moment. Dans ce cas, les donn\u00e9es pertinentes sont bloqu\u00e9es imm\u00e9diatement. Sur demande, nous fournirons des informations \u00e9crites sur le stockage des donn\u00e9es personnelles de l&#8217;utilisateur. Ce n&#8217;est que lorsque nous sommes l\u00e9galement oblig\u00e9s de partager des donn\u00e9es personnelles avec des tiers. Nos employ\u00e9s sont li\u00e9s par un strict accord de confidentialit\u00e9.<\/p>\n<p style=\"text-align: justify;\">Les informations collect\u00e9es automatiquement qui ne sont pas des donn\u00e9es personnelles<br>Tout en \u00e9tant utilis\u00e9, le site Web de First Citiz GmbH recueille des donn\u00e9es qui ne concernent pas l&#8217;utilisateur respectif. Les exemples incluent le nom du fournisseur de services Internet de l&#8217;utilisateur, le syst\u00e8me d&#8217;exploitation et le navigateur utilis\u00e9s, ainsi que le site Web \u00e0 partir duquel l&#8217;utilisateur s&#8217;est connect\u00e9 sur notre site. First Citiz GmbH utilise cette information pour am\u00e9liorer continuellement son propre site web.<\/p>\n<p style=\"text-align: justify;\"><strong>S\u00e9curit\u00e9 des donn\u00e9es sur Internet<\/strong><\/p>\n<p style=\"text-align: justify;\">\u00c9tant donn\u00e9 que le World Wide Web est accessible au public, les utilisateurs saisissent leurs informations personnelles. Pendant la transmission, les donn\u00e9es peuvent \u00eatre perdues ou d\u00e9pos\u00e9es dans des mains non autoris\u00e9es. Pour assurer la s\u00e9curit\u00e9 des donn\u00e9es personnelles de leurs clients, First Citiz GmbH prend toutes les pr\u00e9cautions. Nous prot\u00e9geons soigneusement vos donn\u00e9es contre la corruption, la manipulation, l&#8217;acc\u00e8s non autoris\u00e9, la divulgation non autoris\u00e9e et la perte ou la destruction.<\/p>\n<p style=\"text-align: justify;\"><strong>Google Analytics<\/strong><\/p>\n<p style=\"text-align: justify;\">Notre site Web utilise Google Analytics. Il s&#8217;agit d&#8217;un service d&#8217;analyse Web fourni par Google Inc. (\u00abGoogle\u00bb). Ils utilisent des cookies (fichiers texte stock\u00e9s sur votre ordinateur) pour analyser votre utilisation de notre site. Les informations sur votre utilisation de notre site, qui sont collect\u00e9es par des cookies (y compris l&#8217;adresse IP), seront transmises \u00e0 un serveur aux \u00c9tats-Unis et stock\u00e9es l\u00e0-bas. Google utilise cette information pour analyser votre utilisation de notre site, d&#8217;autres services associ\u00e9s \u00e0 l&#8217;utilisation du Web et de l&#8217;utilisation d&#8217;Internet, et un rapport sur l&#8217;activit\u00e9 du site avec les agences de publicit\u00e9. Google peut partager ces informations avec des tiers si elles le traitent pour le compte de Google ou si elles sont tenues de le faire par la loi. Google ne connecte pas votre adresse IP avec d&#8217;autres donn\u00e9es stock\u00e9es par celles-ci. Vous pouvez r\u00e9gler les param\u00e8tres de votre navigateur \u00e0 tout moment afin qu&#8217;aucun cookie ne soit install\u00e9 sur votre ordinateur. Cependant, cela peut affecter l&#8217;utilisation compl\u00e8te de notre site Web et ses fonctionnalit\u00e9s. En utilisant notre site Web, vous acceptez que Google utilisera vos donn\u00e9es comme d\u00e9crit ci-dessus et pour ce qui pr\u00e9c\u00e8de.<\/p>\n<p style=\"text-align: justify;\"><strong>Facebook<\/strong><\/p>\n<p style=\"text-align: justify;\">Le site Web de First Citiz GmbH utilise des plug-ins sociaux (&#8220;plug-ins&#8221;) de facebook.com, le r\u00e9seau social de Facebook Inc., 1601 S. California Ave, Palo Alto, CA94304, USA (&#8220;Facebook&#8221;). Ces plug-ins peuvent \u00eatre reconnus par le logo Facebook. Le navigateur de l&#8217;utilisateur \u00e9tablit une connexion directe avec les serveurs Facebook lorsque l&#8217;utilisateur ouvre une page Web de First Citiz GmbH, qui contient un tel plug-in. Le plug-in envoie son contenu directement au navigateur de l&#8217;utilisateur et l&#8217;int\u00e8gre sur le site. L&#8217;information, que le client visite le site Web First Citiz GmbH, est transmise \u00e0 Facebook. Si le client est connect\u00e9 simultan\u00e9ment \u00e0 son compte Facebook, la visite lui sera directement attribu\u00e9e. Le client doit-il utiliser les fonctions du plug-in, comme le bouton &#8220;like&#8221; ou entrer un commentaire, ce qui passera imm\u00e9diatement du navigateur vers Facebook et sera stock\u00e9 l\u00e0-bas. Pour en savoir plus sur le but et la port\u00e9e de leur collecte de donn\u00e9es, ainsi que sur le traitement et l&#8217;utilisation des donn\u00e9es par Facebook, veuillez consulter leur politique de protection des donn\u00e9es. Vous pouvez \u00e9galement en savoir plus sur vos droits et options de configuration de la protection de la vie priv\u00e9e. Pour emp\u00eacher Facebook de collecter et d&#8217;utiliser vos donn\u00e9es de la mani\u00e8re d\u00e9crite ci-dessus, vous devez vous d\u00e9connecter de Facebook avant de visiter le site Web de First Citiz GmbH.<\/p>\n<p style=\"text-align: justify;\"><strong>Twitter<\/strong><\/p>\n<p style=\"text-align: justify;\">Le site Web First Citiz GmbH utilise \u00e9galement des plug-ins de Twitter Inc., 795 Folsom St., Suite 600, San Francisco, CA94107, USA (&#8220;Twitter&#8221;). Ils peuvent \u00eatre reconnus par le logo Twitter: oiseau bleu sur fond clair. Ces plug-ins fournissent \u00e0 Twitter les informations, que le client a visit\u00e9 notre site Web. Cette visite sera enregistr\u00e9e sur le compte Twitter du client, si elles sont connect\u00e9es \u00e0 leur compte Twitter en m\u00eame temps. Lorsque le bouton Twitter est cliqu\u00e9, une connexion directe aux serveurs Twitter est effectu\u00e9e. Le lien de notre site Web peut \u00eatre directement &#8220;tweet\u00e9&#8221; \u00e0 condition que le client soit connect\u00e9 \u00e0 Twitter. Plus d&#8217;informations sur la fonction Twitter et la fa\u00e7on dont ils traitent et les donn\u00e9es d&#8217;utilisation peuvent \u00eatre trouv\u00e9es sur&nbsp;<a href=\"http:\/\/twitter.com\/privacy.\" target=\"_blank\" rel=\"nofollow noopener\">http:\/\/twitter.com\/privacy.<\/a><\/p>\n<p style=\"text-align: justify;\"><strong>Responsabilit\u00e9<\/strong><\/p>\n<p style=\"text-align: justify;\">First Citiz GmbH ne donne aucun commentaire sur l&#8217;ad\u00e9quation des informations sur ce site \u00e0 des fins particuli\u00e8res. First Citiz GmbH n&#8217;assume aucune responsabilit\u00e9 l\u00e9gale \u00e0 l&#8217;\u00e9gard de l&#8217;information, qui est fournie \u00e0 l&#8217;utilisateur &#8220;comme vu&#8221;. Les informations sur le site Web de First Citiz GmbH ne sont pas des offres au sens juridique. First Citiz GmbH se r\u00e9serve le droit de modifier le site Web et d&#8217;ajouter ou de supprimer des informations \u00e0 tout moment.<\/p>\n<p style=\"text-align: justify;\">First Citiz GmbH ne peut garantir que le mat\u00e9riel, tel que les t\u00e9l\u00e9chargements, les informations ou les logiciels, qui est obtenu \u00e0 partir ou \u00e0 travers son site Web, est exempt de virus ou de tout autre composant dangereux.<\/p>\n<p style=\"text-align: justify;\">First Citiz GmbH n&#8217;est pas responsable des demandes de dommages et int\u00e9r\u00eats concernant les informations contenues dans son site Web, pour quelque raison que ce soit. Cela est particuli\u00e8rement vrai pour ceux de responsabilit\u00e9 d\u00e9lictuelle, de manquement aux obligations contractuelles et de violations positives. Cela ne s&#8217;applique pas si la responsabilit\u00e9 est obligatoire, par ex. En cas de n\u00e9gligence grave ou d&#8217;intention, en l&#8217;absence de caract\u00e9ristiques accord\u00e9es, de rupture de contrat ou lorsque les r\u00e8gles de responsabilit\u00e9 du produit l&#8217;exigent. En cas de rupture de contrat, la compensation est limit\u00e9e aux dommages pr\u00e9visibles et typiques, sauf en cas de n\u00e9gligence ou d&#8217;intention grave constat\u00e9e. Ce qui pr\u00e9c\u00e8de ne modifie pas le fardeau de la preuve au d\u00e9triment de l&#8217;utilisateur.<\/p>\n<p style=\"text-align: justify;\"><strong>Responsabilit\u00e9 pour les liens<\/strong><\/p>\n<p style=\"text-align: justify;\">Sur le site web de First Citiz GmbH, il existe des liens vers des sites sur le contenu duquel First Citiz GmbH n&#8217;a aucune influence. Les informations sur ces sites externes proviennent de personnes physiques \/ morales qui sont l\u00e9galement ind\u00e9pendantes de First Citiz GmbH. First Citiz GmbH n&#8217;est pas responsable de l&#8217;information sur ces sites. Les informations contenues sur ces sites externes et les adresses connexes mentionn\u00e9es ne sont pas confirm\u00e9es, soutenues ou approuv\u00e9es par First Citiz GmbH.<\/p>\n<p style=\"text-align: justify;\">Toutes les autres marques d\u00e9pos\u00e9es et la soci\u00e9t\u00e9, les produits et les noms de marque, mentionn\u00e9s sur le site Web de First Citiz GmbH, restent ceux de leurs propri\u00e9taires respectifs. Tous les droits connexes restent avec les propri\u00e9taires respectifs, \u00e0 moins qu&#8217;ils n&#8217;aient \u00e9t\u00e9 express\u00e9ment accord\u00e9s \u00e0 l&#8217;utilisateur.<\/p>\n<p><strong>Droits d&#8217;auteur<\/strong><\/p>\n<p>L&#8217;utilisateur peut copier ou utiliser les graphiques, les documents, etc. (&#8220;Informations&#8221;) qui sont disponibles sur le site Web de First Citiz GmbH sous leur forme inchang\u00e9e et uniquement sous les conditions suivantes:<\/p>\n<ul>\n<li>L&#8217;avis de droit d&#8217;auteur de First Citiz GmbH est inclus sur l&#8217;une des informations,<\/li>\n<li>L&#8217;utilisation pr\u00e9vue de l&#8217;information est uniquement informative<\/li>\n<li>Le contenu de l&#8217;information n&#8217;est pas utilis\u00e9 \u00e0 des fins commerciales<\/li>\n<li>Aucune information n&#8217;est modifi\u00e9e et les graphiques du site Web sont utilis\u00e9s uniquement En m\u00eame temps que l&#8217;original, le texte int\u00e9gral.<\/li>\n<\/ul>\n<\/div>\n<\/div>\n<\/div>\n<div class=\"span3\" style=\"text-align: justify;\">\n<div class=\"call-us\">\n<div class=\"custom\">&nbsp;<\/div>\n<\/div>\n<\/div>\n<\/div>\n<\/div>\n<\/div>\n<div class=\"main-copy\">\n<div class=\"container marketing\">Pour plus d&#8217;informations sur le droit Europ\u00e9en sur la protection des donn\u00e9es du consommateur, veuillez consulter ce lien: https:\/\/ec.europa.eu\/consumers\/odr<\/div>\n<\/div>","protected":false},"excerpt":{"rendered":"<p>&nbsp; Politique de protection des donn\u00e9es Cookies En stockant les donn\u00e9es utilisateur sur les cookies de votre ordinateur, vous pouvez utiliser rapidement et facilement notre site Web. Au cours des visites ult\u00e9rieures, l&#8217;utilisateur sera reconnu et le site Web sera adapt\u00e9 \u00e0 ses int\u00e9r\u00eats, sans devoir entrer de nouveau toutes les informations. Si vous n&#8217;acceptez &#8230; <a title=\"Politique de protection des donn\u00e9es\" class=\"read-more\" href=\"https:\/\/www.firstcitiz.com\/fr\/politique-de-protection-des-donnees\" aria-label=\"En savoir plus sur Politique de protection des donn\u00e9es\">Lire la suite<\/a><\/p>\n","protected":false},"author":4,"featured_media":0,"parent":0,"menu_order":0,"comment_status":"closed","ping_status":"closed","template":"","meta":{"footnotes":""},"class_list":["post-32570","page","type-page","status-publish"],"yoast_head":"<!-- This site is optimized with the Yoast SEO Premium plugin v22.3 (Yoast SEO v27.4) - https:\/\/yoast.com\/product\/yoast-seo-premium-wordpress\/ -->\n<title>Politique de protection des donn\u00e9es | First Citiz Berlin<\/title>\n<meta name=\"description\" content=\"Consulter la politique de protection des donn\u00e9es\u00a0de l&#039;agence First Citiz Berlin.\" \/>\n<meta name=\"robots\" content=\"index, follow, max-snippet:-1, max-image-preview:large, max-video-preview:-1\" \/>\n<link rel=\"canonical\" href=\"https:\/\/www.firstcitiz.com\/fr\/politique-de-protection-des-donnees\" \/>\n<meta property=\"og:locale\" content=\"fr_FR\" \/>\n<meta property=\"og:type\" content=\"article\" \/>\n<meta property=\"og:title\" content=\"Politique de protection des donn\u00e9es\" \/>\n<meta property=\"og:description\" content=\"Consulter la politique de protection des donn\u00e9es\u00a0de l&#039;agence First Citiz Berlin.\" \/>\n<meta property=\"og:url\" content=\"https:\/\/www.firstcitiz.com\/fr\/politique-de-protection-des-donnees\" \/>\n<meta property=\"og:site_name\" content=\"First Citiz Berlin\" \/>\n<meta property=\"article:publisher\" content=\"https:\/\/www.facebook.com\/firstcitiz\/\" \/>\n<meta property=\"article:modified_time\" content=\"2021-11-20T16:13:15+00:00\" \/>\n<meta name=\"twitter:label1\" content=\"Dur\u00e9e de lecture estim\u00e9e\" \/>\n\t<meta name=\"twitter:data1\" content=\"7 minutes\" \/>\n<script type=\"application\/ld+json\" class=\"yoast-schema-graph\">{\"@context\":\"https:\\\/\\\/schema.org\",\"@graph\":[{\"@type\":\"WebPage\",\"@id\":\"https:\\\/\\\/www.firstcitiz.com\\\/fr\\\/politique-de-protection-des-donnees\",\"url\":\"https:\\\/\\\/www.firstcitiz.com\\\/fr\\\/politique-de-protection-des-donnees\",\"name\":\"Politique de protection des donn\u00e9es | First Citiz Berlin\",\"isPartOf\":{\"@id\":\"https:\\\/\\\/www.firstcitiz.com\\\/#website\"},\"datePublished\":\"2020-07-08T14:35:54+00:00\",\"dateModified\":\"2021-11-20T16:13:15+00:00\",\"description\":\"Consulter la politique de protection des donn\u00e9es\u00a0de l'agence First Citiz Berlin.\",\"breadcrumb\":{\"@id\":\"https:\\\/\\\/www.firstcitiz.com\\\/fr\\\/politique-de-protection-des-donnees#breadcrumb\"},\"inLanguage\":\"fr-FR\",\"potentialAction\":[{\"@type\":\"ReadAction\",\"target\":[\"https:\\\/\\\/www.firstcitiz.com\\\/fr\\\/politique-de-protection-des-donnees\"]}]},{\"@type\":\"BreadcrumbList\",\"@id\":\"https:\\\/\\\/www.firstcitiz.com\\\/fr\\\/politique-de-protection-des-donnees#breadcrumb\",\"itemListElement\":[{\"@type\":\"ListItem\",\"position\":1,\"name\":\"Home\",\"item\":\"https:\\\/\\\/www.firstcitiz.com\\\/fr\"},{\"@type\":\"ListItem\",\"position\":2,\"name\":\"Politique de protection des donn\u00e9es\"}]},{\"@type\":\"WebSite\",\"@id\":\"https:\\\/\\\/www.firstcitiz.com\\\/#website\",\"url\":\"https:\\\/\\\/www.firstcitiz.com\\\/\",\"name\":\"First Citiz Berlin\",\"description\":\"International real estate agency | Berlin apartments &amp; properties for sale\",\"publisher\":{\"@id\":\"https:\\\/\\\/www.firstcitiz.com\\\/#organization\"},\"potentialAction\":[{\"@type\":\"SearchAction\",\"target\":{\"@type\":\"EntryPoint\",\"urlTemplate\":\"https:\\\/\\\/www.firstcitiz.com\\\/?s={search_term_string}\"},\"query-input\":{\"@type\":\"PropertyValueSpecification\",\"valueRequired\":true,\"valueName\":\"search_term_string\"}}],\"inLanguage\":\"fr-FR\"},{\"@type\":\"Organization\",\"@id\":\"https:\\\/\\\/www.firstcitiz.com\\\/#organization\",\"name\":\"First Citiz Berlin\",\"url\":\"https:\\\/\\\/www.firstcitiz.com\\\/\",\"logo\":{\"@type\":\"ImageObject\",\"inLanguage\":\"fr-FR\",\"@id\":\"https:\\\/\\\/www.firstcitiz.com\\\/#\\\/schema\\\/logo\\\/image\\\/\",\"url\":\"https:\\\/\\\/www.firstcitiz.com\\\/wp-content\\\/uploads\\\/2019\\\/10\\\/icon.png\",\"contentUrl\":\"https:\\\/\\\/www.firstcitiz.com\\\/wp-content\\\/uploads\\\/2019\\\/10\\\/icon.png\",\"width\":512,\"height\":512,\"caption\":\"First Citiz Berlin\"},\"image\":{\"@id\":\"https:\\\/\\\/www.firstcitiz.com\\\/#\\\/schema\\\/logo\\\/image\\\/\"},\"sameAs\":[\"https:\\\/\\\/www.facebook.com\\\/firstcitiz\\\/\"]}]}<\/script>\n<!-- \/ Yoast SEO Premium plugin. -->","yoast_head_json":{"title":"Politique de protection des donn\u00e9es | First Citiz Berlin","description":"Consulter la politique de protection des donn\u00e9es\u00a0de l'agence First Citiz Berlin.","robots":{"index":"index","follow":"follow","max-snippet":"max-snippet:-1","max-image-preview":"max-image-preview:large","max-video-preview":"max-video-preview:-1"},"canonical":"https:\/\/www.firstcitiz.com\/fr\/politique-de-protection-des-donnees","og_locale":"fr_FR","og_type":"article","og_title":"Politique de protection des donn\u00e9es","og_description":"Consulter la politique de protection des donn\u00e9es\u00a0de l'agence First Citiz Berlin.","og_url":"https:\/\/www.firstcitiz.com\/fr\/politique-de-protection-des-donnees","og_site_name":"First Citiz Berlin","article_publisher":"https:\/\/www.facebook.com\/firstcitiz\/","article_modified_time":"2021-11-20T16:13:15+00:00","twitter_misc":{"Dur\u00e9e de lecture estim\u00e9e":"7 minutes"},"schema":{"@context":"https:\/\/schema.org","@graph":[{"@type":"WebPage","@id":"https:\/\/www.firstcitiz.com\/fr\/politique-de-protection-des-donnees","url":"https:\/\/www.firstcitiz.com\/fr\/politique-de-protection-des-donnees","name":"Politique de protection des donn\u00e9es | First Citiz Berlin","isPartOf":{"@id":"https:\/\/www.firstcitiz.com\/#website"},"datePublished":"2020-07-08T14:35:54+00:00","dateModified":"2021-11-20T16:13:15+00:00","description":"Consulter la politique de protection des donn\u00e9es\u00a0de l'agence First Citiz Berlin.","breadcrumb":{"@id":"https:\/\/www.firstcitiz.com\/fr\/politique-de-protection-des-donnees#breadcrumb"},"inLanguage":"fr-FR","potentialAction":[{"@type":"ReadAction","target":["https:\/\/www.firstcitiz.com\/fr\/politique-de-protection-des-donnees"]}]},{"@type":"BreadcrumbList","@id":"https:\/\/www.firstcitiz.com\/fr\/politique-de-protection-des-donnees#breadcrumb","itemListElement":[{"@type":"ListItem","position":1,"name":"Home","item":"https:\/\/www.firstcitiz.com\/fr"},{"@type":"ListItem","position":2,"name":"Politique de protection des donn\u00e9es"}]},{"@type":"WebSite","@id":"https:\/\/www.firstcitiz.com\/#website","url":"https:\/\/www.firstcitiz.com\/","name":"First Citiz Berlin","description":"International real estate agency | Berlin apartments &amp; properties for sale","publisher":{"@id":"https:\/\/www.firstcitiz.com\/#organization"},"potentialAction":[{"@type":"SearchAction","target":{"@type":"EntryPoint","urlTemplate":"https:\/\/www.firstcitiz.com\/?s={search_term_string}"},"query-input":{"@type":"PropertyValueSpecification","valueRequired":true,"valueName":"search_term_string"}}],"inLanguage":"fr-FR"},{"@type":"Organization","@id":"https:\/\/www.firstcitiz.com\/#organization","name":"First Citiz Berlin","url":"https:\/\/www.firstcitiz.com\/","logo":{"@type":"ImageObject","inLanguage":"fr-FR","@id":"https:\/\/www.firstcitiz.com\/#\/schema\/logo\/image\/","url":"https:\/\/www.firstcitiz.com\/wp-content\/uploads\/2019\/10\/icon.png","contentUrl":"https:\/\/www.firstcitiz.com\/wp-content\/uploads\/2019\/10\/icon.png","width":512,"height":512,"caption":"First Citiz Berlin"},"image":{"@id":"https:\/\/www.firstcitiz.com\/#\/schema\/logo\/image\/"},"sameAs":["https:\/\/www.facebook.com\/firstcitiz\/"]}]}},"_links":{"self":[{"href":"https:\/\/www.firstcitiz.com\/fr\/wp-json\/wp\/v2\/pages\/32570","targetHints":{"allow":["GET"]}}],"collection":[{"href":"https:\/\/www.firstcitiz.com\/fr\/wp-json\/wp\/v2\/pages"}],"about":[{"href":"https:\/\/www.firstcitiz.com\/fr\/wp-json\/wp\/v2\/types\/page"}],"author":[{"embeddable":true,"href":"https:\/\/www.firstcitiz.com\/fr\/wp-json\/wp\/v2\/users\/4"}],"replies":[{"embeddable":true,"href":"https:\/\/www.firstcitiz.com\/fr\/wp-json\/wp\/v2\/comments?post=32570"}],"version-history":[{"count":2,"href":"https:\/\/www.firstcitiz.com\/fr\/wp-json\/wp\/v2\/pages\/32570\/revisions"}],"predecessor-version":[{"id":710344,"href":"https:\/\/www.firstcitiz.com\/fr\/wp-json\/wp\/v2\/pages\/32570\/revisions\/710344"}],"wp:attachment":[{"href":"https:\/\/www.firstcitiz.com\/fr\/wp-json\/wp\/v2\/media?parent=32570"}],"curies":[{"name":"wp","href":"https:\/\/api.w.org\/{rel}","templated":true}]}}