{"id":28180,"date":"2020-07-02T18:30:26","date_gmt":"2020-07-02T16:30:26","guid":{"rendered":"https:\/\/firstcitiz.com\/?page_id=28180"},"modified":"2022-04-04T13:36:08","modified_gmt":"2022-04-04T11:36:08","slug":"appartements-luxe-berlin","status":"publish","type":"page","link":"https:\/\/www.firstcitiz.com\/fr\/immobilier-a-vendre-allemagne-berlin\/appartements-luxe-berlin","title":{"rendered":"S\u00e9lection Luxe"},"content":{"rendered":"<div class=\"archive-map\"><div class=\"immomakler immomakler-map\"><div class=\"archive-map\">\t\t\t\t<div class=\"immomakler-map-iframe\" id=\"immomakler-map-iframe\">\n\t\t\t\t\t<div class=\"immomakler-map-loading-spinner immomakler-spinner\" id=\"immomakler-map-loading-spinner\"><\/div>\n\t\t\t\t\t<iframe class=\"immomakler-map-iframe\" id=\"immomakler-map-iframe-archive\" src=\"https:\/\/www.firstcitiz.com\/fr\/annonces-immobilieres?meta_key=ausstatt_kategorie&meta_value=Luxe&callback=map-iframe\" loading=\"lazy\" referrerpolicy=\"origin\"><\/iframe>\n\t\t\t\t<\/div>\n\t\t\t\t\n\t\t\t\t\t\t<script>\n\t\t\t\t\t\t\tdocument.getElementById(\"immomakler-map-iframe-archive\").onload = function() { const spinner = document.getElementById(\"immomakler-map-loading-spinner\"); if (spinner){ spinner.remove(); } };\n\t\t\t\t\t\t<\/script>\n\t\t\t\t\t<style>\n\t\t\t\t.immomakler-map-iframe,\n\t\t\t\t.immomakler .immomakler-map-iframe,\n\t\t\t\t.immomakler .map {\n\t\t\t\t\tbackground-image: url(https:\/\/www.firstcitiz.com\/wp-content\/plugins\/immomakler\/skins\/bootstrap3\/img\/map-coloured.webp);\n\t\t\t\t\tbackground-position: center center;\n\t\t\t\t\tbackground-size: cover;\n\t\t\t\t}\n\t\t\t<\/style><\/div><\/div><\/div>\n\n\n\n<p>Les adresses des biens immobiliers sur la carte sont approximatives<\/p>\n\n\n<div id=\"immobiliensuche\">\t\t\t<div id=\"shortcode-immomakler-search\" class=\"immomakler\">\n\t\t\t\t\t\t\t\t\t\t<script type=\"text\/javascript\">\n\t\t\t\t\t(function($) {\n\t\t\t\t\t\t$(function() {\n\t\t\t\t\t\t\t\t\t\t\t\t\t\t\t$('.selectpicker').selectpicker({tickIcon: 'glyphicon-check', doneButton: true, doneButtonText: 'markierte ausw\u00e4hlen'});\n\t\t\t\t\t\t\t\t\t\t\t\t\t});\n\t\t\t\t\t})(jQuery);\n\t\t\t\t<\/script>\n\t\t\t\t<style>\n\t\t\t\t\t.immomakler-search-taxonomy,\n\t\t\t\t\t.immomakler-search-radius {\n\t\t\t\t\t\tdisplay: none;\n\t\t\t\t\t}\n\t\t\t\t<\/style>\n\t\t\t\t\t\t\t<script type=\"text\/javascript\">\n\t\t\t\t\t\t\t\t\t\twindow.immomaklerAjaxifyConfig = {\"event\":\"scroll\",\"loading\":\"infinite\",\"loadingContainer\":\".immomakler-loading-container\",\"perPage\":\"40\",\"texts\":{\"amount\":\"{total} r\\u00e9sultats\",\"button\":\"Weitere {amount} Ergebnisse laden\"},\"override\":{\"immomaklerTitle\":\".archive-subtitle\"},\"controls\":{\"handleFormSubmit\":false,\"updateTitle\":true,\"updateUrl\":\"FILTER_ONLY\"}}\t\t\t\t<\/script>\n\t\t\t\t<form data-immomakler=\"search-form\" id=\"shortcode-immomakler-search-form\" action=\"https:\/\/www.firstcitiz.com\/fr\/annonces-immobilieres\" method=\"get\">\n\t\t\t\t<input type=\"hidden\" name=\"post_type\" value=\"immomakler_object\">\n\t\t\t\t<input type=\"hidden\" name=\"paged\" value=\"1\">\n\t\t\t\t\t\t\t\t\t\t\t\t\t\t\t\t\t\t\t\t\t\t\t\t<div class=\"search-taxonomies row\">\n\t\t\t\t\t\t\t\t<select id=\"shortcode-immomakler-search-taxonomy-immomakler_regionaler_zusatz\"\n\t\t\t\t\t\tname=\"stadtteil[]\"\n\t\t\t\t\t\tclass=\"immomakler-search-taxonomy immomakler_regionaler_zusatz col-xs-12 col-sm-12 selectpicker\"\n\t\t\t\t\t\t multiple data-tick-icon=\"glyphicon-check\" title=\"Quartiers\"\t\t\t\t\t\t data-dropup-auto=\"false\"\t\t\t\t\t\t\t\t\t\t\t\taria-label=\"Stadtteile\">\n\t\t\t\t\t\t\t\t\t\t\t\t\t\t\t\t\t\t\t<option value=\"charlottenburg-fr\">\n\t\t\t\t\tCharlottenburg\t\t\t\t\t<\/option>\n\t\t\t\t\t\t\t\t\t\t<option value=\"friedrichshain-fr\">\n\t\t\t\t\tFriedrichshain\t\t\t\t\t<\/option>\n\t\t\t\t\t\t\t\t\t\t<option value=\"pankow-fr\">\n\t\t\t\t\tPankow\t\t\t\t\t<\/option>\n\t\t\t\t\t\t\t\t\t\t<option value=\"prenzlauer-berg-fr\">\n\t\t\t\t\tPrenzlauer Berg\t\t\t\t\t<\/option>\n\t\t\t\t\t\t\t\t\t\t<option value=\"schoeneberg-fr\">\n\t\t\t\t\tSch\u00f6neberg\t\t\t\t\t<\/option>\n\t\t\t\t\t\t\t\t\t<\/select>\n\t\t\t\t\t\t\t<select id=\"shortcode-immomakler-search-taxonomy-immomakler_anzahl_zimmer\"\n\t\t\t\t\t\tname=\"zimmer[]\"\n\t\t\t\t\t\tclass=\"immomakler-search-taxonomy immomakler_anzahl_zimmer col-xs-12 col-sm-12 selectpicker\"\n\t\t\t\t\t\t multiple data-tick-icon=\"glyphicon-check\" title=\"Pi\u00e8ces\"\t\t\t\t\t\t data-dropup-auto=\"false\"\t\t\t\t\t\t\t\t\t\t\t\taria-label=\"Anzahl Zimmer\">\n\t\t\t\t\t\t\t\t\t\t\t\t\t\t\t\t\t\t\t<option value=\"1-fr\">\n\t\t\t\t\t1\t\t\t\t\t<\/option>\n\t\t\t\t\t\t\t\t\t\t<option value=\"2-fr\">\n\t\t\t\t\t2\t\t\t\t\t<\/option>\n\t\t\t\t\t\t\t\t\t\t<option value=\"3-fr\">\n\t\t\t\t\t3\t\t\t\t\t<\/option>\n\t\t\t\t\t\t\t\t\t\t<option value=\"3-5-fr\">\n\t\t\t\t\t3.5\t\t\t\t\t<\/option>\n\t\t\t\t\t\t\t\t\t\t<option value=\"4-fr\">\n\t\t\t\t\t4\t\t\t\t\t<\/option>\n\t\t\t\t\t\t\t\t\t\t<option value=\"5-fr\">\n\t\t\t\t\t5\t\t\t\t\t<\/option>\n\t\t\t\t\t\t\t\t\t<\/select>\n\t\t\t\t\t\t\t<select id=\"shortcode-immomakler-search-taxonomy-immomakler_vermietet\"\n\t\t\t\t\t\tname=\"vermietet[]\"\n\t\t\t\t\t\tclass=\"immomakler-search-taxonomy immomakler_vermietet col-xs-12 col-sm-12 selectpicker\"\n\t\t\t\t\t\t multiple data-tick-icon=\"glyphicon-check\" title=\"Statut\"\t\t\t\t\t\t data-dropup-auto=\"false\"\t\t\t\t\t\t\t\t\t\t\t\taria-label=\"Statut\">\n\t\t\t\t\t\t\t\t\t\t\t\t\t\t\t\t\t\t\t<option value=\"bezugsfrei-fr\">\n\t\t\t\t\tLibre\t\t\t\t\t<\/option>\n\t\t\t\t\t\t\t\t\t<\/select>\n\t\t\t\t\t\t\t<\/div>\n\t\t\t\t\t\t\t\t  <div id=\"shortcode-immomakler-search-advanced\" class=\"panel panel-default\">\n\t\t\t\t\t\t\t\t\t\t<div class=\"panel-heading\"><div class=\"search-actions row\">\n\t\t\t\t\t\t\t\t\t\t\t\t\t<button type=\"submit\" class=\"immomakler-submit btn btn-primary\">\n\t\t\t\t\t\t\t\t<span class=\"glyphicon glyphicon-search\"><\/span>\n\t\t\t\t\t\t\t161 resultat\t\t\t\t\t\t\t<\/button>\n\t\t\t\t\t\t\t\t\t\t\t\t\t\t\t\t\t\t\t\t\t\t\t\t\t\t\t\t\t\t\t<a class=\"btn btn-secondary\" id=\"immomakler-search-reset\" href=\"\" role=\"button\">\n\t\t\t\t\t\t\tReinitialiser recherche\t\t\t\t\t\t<\/a>\n\t\t\t\t\t\t\t\t\t\t\t\t\t\t\t\t\t\t\t\t\t\t<\/div><\/div>\n\t\t\t\t\t\t\t\t  <\/div>\n\t\t\t\t\t\t\t\t<\/form>\n\t\t\t\t<script type=\"text\/javascript\">\n\t\t\t\t(function($) {\n\t\t\t\t  $(function() {\n\t\t\t\t\t$( '#shortcode-immomakler-search' ).ajaxStart(function() {\n\t\t\t\t\t  $( '#shortcode-immomakler-search' ).css('opacity', 0.5);\n\t\t\t\t\t});\n\t\t\t\t\t$( '#shortcode-immomakler-search' ).ajaxComplete(function() {\n\t\t\t\t\t  $( '#shortcode-immomakler-search' ).css('opacity', 1);\n\t\t\t\t\t});\n\t\t\t\t  });\n\t\t\t\t})(jQuery);\n\t\t\t\t\t\t\t\t(function($) {\n\t\t\t\t  $(function() {\n\t\t\t\t\t$('.immomakler-search-taxonomy').on('hidden.bs.select', function (e) {\n\t\t\t\t\t\t  if ($('[data-submit-form=\"objekt-id\"]').val()) {\n\t\t\t\t\t\t\t  $('[data-immomakler=\"search-form\"]').submit();\n\t\t\t\t\t\t\t  return false;\n\t\t\t\t\t\t  }\n\t\t\t\t\t  if ($('#shortcode-collapseable-search').hasClass('in')) { $(\"input[name='collapse']\").val('in');} else { $(\"input[name='collapse']\").val('out');}\n\t\t\t\t\t  \t\t\t\t\t\t$('#shortcode-immomakler-search').load('https:\/\/www.firstcitiz.com\/fr\/annonces-immobilieres?callback=immomakler_get_search_form&post_type=immomakler_object&columns=1&prefix=shortcode-&' + $('#shortcode-immomakler-search-form').serialize() );\n\t\t\t\t\t  \t\t\t\t\t\treturn false;\n\t\t\t\t\t});\n\t\t\t\t  });\n\t\t\t\t})(jQuery);\n\t\t\t\t\t\t\t\t\t\t\t\t(function($) {\n\t\t\t\t  $(function() {\n\t\t\t\t\t$('.immomakler-search-range-slider').change(function() {\n\t\t\t\t\t\tif ($('[data-submit-form=\"objekt-id\"]').val()) {\n\t\t\t\t\t\t\t$('[data-immomakler=\"search-form\"]').submit();\n\t\t\t\t\t\t\treturn false;\n\t\t\t\t\t\t  }\n\t\t\t\t\t  if ($('#shortcode-collapseable-search').hasClass('in')) { $(\"input[name='collapse']\").val('in');} else { $(\"input[name='collapse']\").val('out');}\n\t\t\t\t\t  \t\t\t\t\t$('#shortcode-immomakler-search').load('https:\/\/www.firstcitiz.com\/fr\/annonces-immobilieres?callback=immomakler_get_search_form&post_type=immomakler_object&columns=1&prefix=shortcode-&' + $('#shortcode-immomakler-search-form').serialize() );\n\t\t\t\t\t  \t\t\t\t\t\treturn false;\n\t\t\t\t\t});\n\t\t\t\t  });\n\t\t\t\t})(jQuery);\n\t\t\t\t\t\t\t\t\t\t\t\t(function($) {\n\t\t\t\t  $(function() {\n\t\t\t\t\t$('.immomakler-search-radius').change(function() {\n\t\t\t\t\t\tif ($('[data-submit-form=\"objekt-id\"]').val()) {\n\t\t\t\t\t\t\t$('[data-immomakler=\"search-form\"]').submit();\n\t\t\t\t\t\t\treturn false;\n\t\t\t\t\t\t  }\n\t\t\t\t\t  if ($('#shortcode-collapseable-search').hasClass('in')) { $(\"input[name='collapse']\").val('in');} else { $(\"input[name='collapse']\").val('out');}\n\t\t\t\t\t  \t\t\t\t\t$('#shortcode-immomakler-search').load('https:\/\/www.firstcitiz.com\/fr\/annonces-immobilieres?callback=immomakler_get_search_form&post_type=immomakler_object&columns=1&prefix=shortcode-&' + $('#shortcode-immomakler-search-form').serialize() );\n\t\t\t\t\t  \t\t\t\t\t\treturn false;\n\t\t\t\t\t});\n\t\t\t\t  });\n\t\t\t\t})(jQuery);\n\t\t\t\t\t\t\t\t(function($) {\n\t\t\t\t  $(function() {\n\t\t\t\t\t$('#immomakler-search-reset').click(function() {\n\t\t\t\t\t  if ($('#shortcode-collapseable-search').hasClass('in')) { $(\"input[name='collapse']\").val('in');} else { $(\"input[name='collapse']\").val('out');}\n\t\t\t\t\t$('#shortcode-immomakler-search').load('https:\/\/www.firstcitiz.com\/fr\/annonces-immobilieres?callback=immomakler_get_search_form&post_type=immomakler_object&columns=1&prefix=shortcode-' );\n\t\t\t\t\t\treturn false;\n\t\t\t\t\t});\n\t\t\t\t  });\n\t\t\t\t})(jQuery);\n\t\t\t\tjQuery(document).ready(function($) {\n\t\t\t\t\t$('.search-ranges').show();\n\t\t\t\t});\n\t\t\t\t<\/script>\n\t\t\t\t\t\t<\/div> <!-- immomakler-search -->\n\t\t\t<\/div>\n\n\n\n<h1><strong>S\u00e9lection d&#8217;appartements de luxe \u00e0 vendre \u00e0 Berlin<\/strong><\/h1>\n\n\n\n<hr class=\"wp-block-separator has-text-color has-background has-luminous-vivid-orange-background-color has-luminous-vivid-orange-color is-style-wide\"\/>\n\n\n\t\t\t\t\t\t\t\t<div class=\"immomakler-archive immomakler immomakler-shortcode-archive\">\n\t\t\t\t\n\t<!-- BEGIN schema.org section generated by WP-ImmoMakler RealEstate Plugin version 5.56.1 - https:\/\/www.wp-immomakler.de\/ -->\n\t<script type=\"application\/ld+json\" class=\"immomakler-schema-archive\">\n\t\t{\"@context\":\"https:\/\/schema.org\/\",\"@type\":[\"Product\",\"Residence\",\"RealEstateListing\"],\"name\":\"First Citiz Berlin\",\"offers\":{\"@type\":\"AggregateOffer\",\"priceCurrency\":\"EUR\",\"lowPrice\":369102,\"highPrice\":369102,\"offerCount\":1}}\n\t<\/script>\n\t<!-- END schema.org section generated by WP-ImmoMakler RealEstate Plugin version 5.56.1 - https:\/\/www.wp-immomakler.de\/ -->\n\n\t\t\t\t\t\t\t\t\t<div class=\"immomakler-shortcode-archive-actions\">\n\t\t\t\t\t\t<div class=\"orderby-switch\">\n\n\n        <a class=\"orderby\" href=\"\/fr\/wp-json\/wp\/v2\/pages\/28180?im_order=pricedesc\" title=\"Sortierung umstellen auf &#039;Preis absteigend&#039;\" rel=\"nofollow\">\n            Prix             <span class=\"glyphicon glyphicon-sort-by-attributes\"><\/span>        <\/a>\n<\/div>\n\t\t\t\t\t\t<\/div>\n\t\t\t\t\t\t\t\t\t\t<div class=\"properties\">\n\t\t\t\t\t\t\t\t\t\t\t\t\t\t\t\t\t\t\t<div class=\"row immomakler-boxed\">\n\t\t\t\t\t\t\t\t\t\t<div class=\"property col-sm-6 col-md-3\">\n\t\t\t\t\t\t\t\t\t\t\t\t\t\n    <div class=\"property-container\">\n        <div class=\"property-thumbnail col-sm-12 vertical\">\n            <a href=\"https:\/\/www.firstcitiz.com\/fr\/annonces-immobilieres\/appartement-in-berlin-friedrichshain-achat-1025-52\" class=\"thumbnail\"><img loading=\"lazy\" decoding=\"async\" width=\"360\" height=\"347\" src=\"https:\/\/www.firstcitiz.com\/wp-content\/uploads\/immomakler\/attachments\/a057c78f03bad762e6c70c1baff5fe34\/977ee82a-8fda-4dd4-994e-312b406d36a5-360x347.jpg\" class=\"attachment-immomakler-archive-thumb size-immomakler-archive-thumb wp-post-image\" alt=\"10243 Berlin, Appartement \u00e0 vendre, Friedrichshain\" srcset=\"https:\/\/www.firstcitiz.com\/wp-content\/uploads\/immomakler\/attachments\/a057c78f03bad762e6c70c1baff5fe34\/977ee82a-8fda-4dd4-994e-312b406d36a5-360x347.jpg 360w, https:\/\/www.firstcitiz.com\/wp-content\/uploads\/immomakler\/attachments\/a057c78f03bad762e6c70c1baff5fe34\/977ee82a-8fda-4dd4-994e-312b406d36a5-114x110.jpg 114w, https:\/\/www.firstcitiz.com\/wp-content\/uploads\/immomakler\/attachments\/a057c78f03bad762e6c70c1baff5fe34\/977ee82a-8fda-4dd4-994e-312b406d36a5-475x457.jpg 475w, https:\/\/www.firstcitiz.com\/wp-content\/uploads\/immomakler\/attachments\/a057c78f03bad762e6c70c1baff5fe34\/977ee82a-8fda-4dd4-994e-312b406d36a5.jpg 568w\" sizes=\"auto, (max-width: 360px) 100vw, 360px\" \/><\/a>\n                    \t\t\t<div class=\"property-status property-status-courtagefrei-fr property-status-edifice-nouveau-fr property-status-offen-fr property-status-meilleure-offre-fr property-status-preisreduziert-fr\">\r\n\t\t\t\t\t \r\n\t\t    <\/div>\r\n            <\/div>\n        <div class=\"property-details col-sm-12 vertical\">\n            <p class=\"property-title\"><a href=\"https:\/\/www.firstcitiz.com\/fr\/annonces-immobilieres\/appartement-in-berlin-friedrichshain-achat-1025-52\">Id\u00e9al investisseur : Appartement 1\/2 pi\u00e8ces \u00e0 deux pas d&#8217;East Side Galery<\/a><\/p>\n\n\n\n            \n            <div class=\"property-data\">\r\n\r\n\t  <div class=\"row\">\r\n\t\t\t<div class=\"col-xs-10 dt\"><strong>Berlin - Friedrichshain<\/strong><\/div>\r\n\t\t\t<div class=\"col-xs-2 dd\"><\/div>\r\n\t<\/div>\r\n\t  <div class=\"row\">\r\n    <div class=\"col-xs-6 dt\">Pi\u00e8ces<\/div>\r\n    <div class=\"col-xs-6 dd\">1<\/div>\r\n<\/div>\r\n<div class=\"row\">\r\n    <div class=\"col-xs-6 dt\">Surface<\/div>\r\n    <div class=\"col-xs-6 dd\">38,69 m\u00b2<\/div>\r\n<\/div>\r\n<div class=\"row\">\r\n    <div class=\"col-xs-6 dt\">Surf. utilisable<\/div>\r\n    <div class=\"col-xs-6 dd\">41,08 m\u00b2\t<\/div>\r\n<\/div>\r\n\r\n\r\n<div class=\"row\">\r\n    <div class=\"col-xs-6 dt\">Statut<\/div>\r\n    <div class=\"col-xs-6 dd\">\r\n\t\tlibre\r\n\t\t<\/div>\r\n<\/div>\r\n\r\n<div class=\"row\">\r\n    <div class=\"col-xs-6 dt price\">Prix de vente <\/div>\r\n    <div class=\"col-xs-6 dd price\">369\u00a0102 EUR<\/div>\r\n<\/div>\r\n\r\n\r\n\r\n<\/div>\r\n            \n        <\/div>\n            <div class=\"property-actions\">\n            <div class=\"btn-group\">\n\t<a class=\"btn btn-default btn-sm\" role=\"button\" href=\"https:\/\/www.firstcitiz.com\/fr\/annonces-immobilieres\/appartement-in-berlin-friedrichshain-achat-1025-52\">\n\t\t<span class=\"glyphicon glyphicon-file\"><\/span> D\u00e9tails \t<\/a>\n\t<\/div>\n            <\/div>\n        <div class=\"clearfix\"><\/div>\n    <\/div>\t\t\t\t\t\t\t\t\t\t\t\t<\/div>\n\t\t\t\t\t\t\t\t\t\t\t\t\t\t\t<\/div>\n\t\t\t\t\t\t\t\t\t\t<\/div> <!-- #properties -->\n\t\t\t\t\t\t\t\t\t\t\t\t<\/div> <!-- .immomakler-archive -->\n\t\t\t\t\t\t\t\n","protected":false},"excerpt":{"rendered":"<p>Les adresses des biens immobiliers sur la carte sont approximatives S\u00e9lection d&#8217;appartements de luxe \u00e0 vendre \u00e0 Berlin<\/p>\n","protected":false},"author":1,"featured_media":0,"parent":17831,"menu_order":0,"comment_status":"closed","ping_status":"closed","template":"","meta":{"footnotes":""},"class_list":["post-28180","page","type-page","status-publish","hentry"],"yoast_head":"<!-- This site is optimized with the Yoast SEO Premium plugin v22.3 (Yoast SEO v27.3) - https:\/\/yoast.com\/product\/yoast-seo-premium-wordpress\/ -->\n<title>Appartements de luxe \u00e0 vendre \u00e0 Berlin | First Citiz Berlin<\/title>\n<meta name=\"description\" content=\"Vous souhaitez acqu\u00e9rir un bien immobilier de luxe dans la capitale de l&#039;Allemagne? D\u00e9couvrir notre s\u00e9lection d&#039;appartements de luxe \u00e0 vendre dans les meilleurs quartiers de Berlin !\" \/>\n<meta name=\"robots\" content=\"index, follow, max-snippet:-1, max-image-preview:large, max-video-preview:-1\" \/>\n<link rel=\"canonical\" href=\"https:\/\/www.firstcitiz.com\/fr\/immobilier-a-vendre-allemagne-berlin\/appartements-luxe-berlin\" \/>\n<meta property=\"og:locale\" content=\"fr_FR\" \/>\n<meta property=\"og:type\" content=\"article\" \/>\n<meta property=\"og:title\" content=\"S\u00e9lection Luxe\" \/>\n<meta property=\"og:description\" content=\"Vous souhaitez acqu\u00e9rir un bien immobilier de luxe dans la capitale de l&#039;Allemagne? D\u00e9couvrir notre s\u00e9lection d&#039;appartements de luxe \u00e0 vendre dans les meilleurs quartiers de Berlin !\" \/>\n<meta property=\"og:url\" content=\"https:\/\/www.firstcitiz.com\/fr\/immobilier-a-vendre-allemagne-berlin\/appartements-luxe-berlin\" \/>\n<meta property=\"og:site_name\" content=\"First Citiz Berlin\" \/>\n<meta property=\"article:publisher\" content=\"https:\/\/www.facebook.com\/firstcitiz\/\" \/>\n<meta property=\"article:modified_time\" content=\"2022-04-04T11:36:08+00:00\" \/>\n<meta name=\"twitter:label1\" content=\"Dur\u00e9e de lecture estim\u00e9e\" \/>\n\t<meta name=\"twitter:data1\" content=\"1 minute\" \/>\n<script type=\"application\/ld+json\" class=\"yoast-schema-graph\">{\"@context\":\"https:\\\/\\\/schema.org\",\"@graph\":[{\"@type\":[\"WebPage\",\"RealEstateListing\"],\"@id\":\"https:\\\/\\\/www.firstcitiz.com\\\/fr\\\/immobilier-a-vendre-allemagne-berlin\\\/appartements-luxe-berlin\",\"url\":\"https:\\\/\\\/www.firstcitiz.com\\\/fr\\\/immobilier-a-vendre-allemagne-berlin\\\/appartements-luxe-berlin\",\"name\":\"Appartements de luxe \u00e0 vendre \u00e0 Berlin | First Citiz Berlin\",\"isPartOf\":{\"@id\":\"https:\\\/\\\/www.firstcitiz.com\\\/#website\"},\"datePublished\":\"2020-07-02T16:30:26+00:00\",\"dateModified\":\"2022-04-04T11:36:08+00:00\",\"description\":\"Vous souhaitez acqu\u00e9rir un bien immobilier de luxe dans la capitale de l'Allemagne? D\u00e9couvrir notre s\u00e9lection d'appartements de luxe \u00e0 vendre dans les meilleurs quartiers de Berlin !\",\"breadcrumb\":{\"@id\":\"https:\\\/\\\/www.firstcitiz.com\\\/fr\\\/immobilier-a-vendre-allemagne-berlin\\\/appartements-luxe-berlin#breadcrumb\"},\"inLanguage\":\"fr-FR\",\"potentialAction\":[{\"@type\":\"ReadAction\",\"target\":[\"https:\\\/\\\/www.firstcitiz.com\\\/fr\\\/immobilier-a-vendre-allemagne-berlin\\\/appartements-luxe-berlin\"]}]},{\"@type\":\"BreadcrumbList\",\"@id\":\"https:\\\/\\\/www.firstcitiz.com\\\/fr\\\/immobilier-a-vendre-allemagne-berlin\\\/appartements-luxe-berlin#breadcrumb\",\"itemListElement\":[{\"@type\":\"ListItem\",\"position\":1,\"name\":\"Home\",\"item\":\"https:\\\/\\\/www.firstcitiz.com\\\/fr\"},{\"@type\":\"ListItem\",\"position\":2,\"name\":\"Appartements \u00e0 vendre \u00e0 Berlin\",\"item\":\"https:\\\/\\\/www.firstcitiz.com\\\/fr\\\/immobilier-a-vendre-allemagne-berlin\"},{\"@type\":\"ListItem\",\"position\":3,\"name\":\"S\u00e9lection Luxe\"}]},{\"@type\":\"WebSite\",\"@id\":\"https:\\\/\\\/www.firstcitiz.com\\\/#website\",\"url\":\"https:\\\/\\\/www.firstcitiz.com\\\/\",\"name\":\"First Citiz Berlin\",\"description\":\"International real estate agency | Berlin apartments &amp; properties for sale\",\"publisher\":{\"@id\":\"https:\\\/\\\/www.firstcitiz.com\\\/#organization\"},\"potentialAction\":[{\"@type\":\"SearchAction\",\"target\":{\"@type\":\"EntryPoint\",\"urlTemplate\":\"https:\\\/\\\/www.firstcitiz.com\\\/?s={search_term_string}\"},\"query-input\":{\"@type\":\"PropertyValueSpecification\",\"valueRequired\":true,\"valueName\":\"search_term_string\"}}],\"inLanguage\":\"fr-FR\"},{\"@type\":\"Organization\",\"@id\":\"https:\\\/\\\/www.firstcitiz.com\\\/#organization\",\"name\":\"First Citiz Berlin\",\"url\":\"https:\\\/\\\/www.firstcitiz.com\\\/\",\"logo\":{\"@type\":\"ImageObject\",\"inLanguage\":\"fr-FR\",\"@id\":\"https:\\\/\\\/www.firstcitiz.com\\\/#\\\/schema\\\/logo\\\/image\\\/\",\"url\":\"https:\\\/\\\/www.firstcitiz.com\\\/wp-content\\\/uploads\\\/2019\\\/10\\\/icon.png\",\"contentUrl\":\"https:\\\/\\\/www.firstcitiz.com\\\/wp-content\\\/uploads\\\/2019\\\/10\\\/icon.png\",\"width\":512,\"height\":512,\"caption\":\"First Citiz Berlin\"},\"image\":{\"@id\":\"https:\\\/\\\/www.firstcitiz.com\\\/#\\\/schema\\\/logo\\\/image\\\/\"},\"sameAs\":[\"https:\\\/\\\/www.facebook.com\\\/firstcitiz\\\/\"]}]}<\/script>\n<!-- \/ Yoast SEO Premium plugin. -->","yoast_head_json":{"title":"Appartements de luxe \u00e0 vendre \u00e0 Berlin | First Citiz Berlin","description":"Vous souhaitez acqu\u00e9rir un bien immobilier de luxe dans la capitale de l'Allemagne? D\u00e9couvrir notre s\u00e9lection d'appartements de luxe \u00e0 vendre dans les meilleurs quartiers de Berlin !","robots":{"index":"index","follow":"follow","max-snippet":"max-snippet:-1","max-image-preview":"max-image-preview:large","max-video-preview":"max-video-preview:-1"},"canonical":"https:\/\/www.firstcitiz.com\/fr\/immobilier-a-vendre-allemagne-berlin\/appartements-luxe-berlin","og_locale":"fr_FR","og_type":"article","og_title":"S\u00e9lection Luxe","og_description":"Vous souhaitez acqu\u00e9rir un bien immobilier de luxe dans la capitale de l'Allemagne? D\u00e9couvrir notre s\u00e9lection d'appartements de luxe \u00e0 vendre dans les meilleurs quartiers de Berlin !","og_url":"https:\/\/www.firstcitiz.com\/fr\/immobilier-a-vendre-allemagne-berlin\/appartements-luxe-berlin","og_site_name":"First Citiz Berlin","article_publisher":"https:\/\/www.facebook.com\/firstcitiz\/","article_modified_time":"2022-04-04T11:36:08+00:00","twitter_misc":{"Dur\u00e9e de lecture estim\u00e9e":"1 minute"},"schema":{"@context":"https:\/\/schema.org","@graph":[{"@type":["WebPage","RealEstateListing"],"@id":"https:\/\/www.firstcitiz.com\/fr\/immobilier-a-vendre-allemagne-berlin\/appartements-luxe-berlin","url":"https:\/\/www.firstcitiz.com\/fr\/immobilier-a-vendre-allemagne-berlin\/appartements-luxe-berlin","name":"Appartements de luxe \u00e0 vendre \u00e0 Berlin | First Citiz Berlin","isPartOf":{"@id":"https:\/\/www.firstcitiz.com\/#website"},"datePublished":"2020-07-02T16:30:26+00:00","dateModified":"2022-04-04T11:36:08+00:00","description":"Vous souhaitez acqu\u00e9rir un bien immobilier de luxe dans la capitale de l'Allemagne? D\u00e9couvrir notre s\u00e9lection d'appartements de luxe \u00e0 vendre dans les meilleurs quartiers de Berlin !","breadcrumb":{"@id":"https:\/\/www.firstcitiz.com\/fr\/immobilier-a-vendre-allemagne-berlin\/appartements-luxe-berlin#breadcrumb"},"inLanguage":"fr-FR","potentialAction":[{"@type":"ReadAction","target":["https:\/\/www.firstcitiz.com\/fr\/immobilier-a-vendre-allemagne-berlin\/appartements-luxe-berlin"]}]},{"@type":"BreadcrumbList","@id":"https:\/\/www.firstcitiz.com\/fr\/immobilier-a-vendre-allemagne-berlin\/appartements-luxe-berlin#breadcrumb","itemListElement":[{"@type":"ListItem","position":1,"name":"Home","item":"https:\/\/www.firstcitiz.com\/fr"},{"@type":"ListItem","position":2,"name":"Appartements \u00e0 vendre \u00e0 Berlin","item":"https:\/\/www.firstcitiz.com\/fr\/immobilier-a-vendre-allemagne-berlin"},{"@type":"ListItem","position":3,"name":"S\u00e9lection Luxe"}]},{"@type":"WebSite","@id":"https:\/\/www.firstcitiz.com\/#website","url":"https:\/\/www.firstcitiz.com\/","name":"First Citiz Berlin","description":"International real estate agency | Berlin apartments &amp; properties for sale","publisher":{"@id":"https:\/\/www.firstcitiz.com\/#organization"},"potentialAction":[{"@type":"SearchAction","target":{"@type":"EntryPoint","urlTemplate":"https:\/\/www.firstcitiz.com\/?s={search_term_string}"},"query-input":{"@type":"PropertyValueSpecification","valueRequired":true,"valueName":"search_term_string"}}],"inLanguage":"fr-FR"},{"@type":"Organization","@id":"https:\/\/www.firstcitiz.com\/#organization","name":"First Citiz Berlin","url":"https:\/\/www.firstcitiz.com\/","logo":{"@type":"ImageObject","inLanguage":"fr-FR","@id":"https:\/\/www.firstcitiz.com\/#\/schema\/logo\/image\/","url":"https:\/\/www.firstcitiz.com\/wp-content\/uploads\/2019\/10\/icon.png","contentUrl":"https:\/\/www.firstcitiz.com\/wp-content\/uploads\/2019\/10\/icon.png","width":512,"height":512,"caption":"First Citiz Berlin"},"image":{"@id":"https:\/\/www.firstcitiz.com\/#\/schema\/logo\/image\/"},"sameAs":["https:\/\/www.facebook.com\/firstcitiz\/"]}]}},"_links":{"self":[{"href":"https:\/\/www.firstcitiz.com\/fr\/wp-json\/wp\/v2\/pages\/28180","targetHints":{"allow":["GET"]}}],"collection":[{"href":"https:\/\/www.firstcitiz.com\/fr\/wp-json\/wp\/v2\/pages"}],"about":[{"href":"https:\/\/www.firstcitiz.com\/fr\/wp-json\/wp\/v2\/types\/page"}],"author":[{"embeddable":true,"href":"https:\/\/www.firstcitiz.com\/fr\/wp-json\/wp\/v2\/users\/1"}],"replies":[{"embeddable":true,"href":"https:\/\/www.firstcitiz.com\/fr\/wp-json\/wp\/v2\/comments?post=28180"}],"version-history":[{"count":1,"href":"https:\/\/www.firstcitiz.com\/fr\/wp-json\/wp\/v2\/pages\/28180\/revisions"}],"predecessor-version":[{"id":841149,"href":"https:\/\/www.firstcitiz.com\/fr\/wp-json\/wp\/v2\/pages\/28180\/revisions\/841149"}],"up":[{"embeddable":true,"href":"https:\/\/www.firstcitiz.com\/fr\/wp-json\/wp\/v2\/pages\/17831"}],"wp:attachment":[{"href":"https:\/\/www.firstcitiz.com\/fr\/wp-json\/wp\/v2\/media?parent=28180"}],"curies":[{"name":"wp","href":"https:\/\/api.w.org\/{rel}","templated":true}]}}