{"id":22935,"date":"2020-05-24T16:59:15","date_gmt":"2020-05-24T14:59:15","guid":{"rendered":"https:\/\/firstcitiz.com\/?page_id=22935"},"modified":"2022-04-04T13:44:55","modified_gmt":"2022-04-04T11:44:55","slug":"appartements-berlin-mitte","status":"publish","type":"page","link":"https:\/\/www.firstcitiz.com\/fr\/immobilier-a-vendre-allemagne-berlin\/appartements-berlin-mitte","title":{"rendered":"Appartements \u00e0 vendre \u00e0 Berlin Mitte"},"content":{"rendered":"\n<hr class=\"wp-block-separator has-text-color has-background has-luminous-vivid-orange-background-color has-luminous-vivid-orange-color is-style-wide\"\/>\n\n\n\n<h1 style=\"text-align: center;\"><strong>Nos appartements \u00e0 vendre \u00e0 Berlin Mitte<\/strong><\/h1>\n\n\n\n<hr class=\"wp-block-separator has-text-color has-background has-luminous-vivid-orange-background-color has-luminous-vivid-orange-color is-style-wide\"\/>\n\n\n\n<div class=\"wp-block-columns is-layout-flex wp-container-core-columns-is-layout-9d6595d7 wp-block-columns-is-layout-flex\">\n<div class=\"wp-block-column is-layout-flow wp-block-column-is-layout-flow\"><div class=\"archive-map\"><div class=\"immomakler immomakler-map\"><div class=\"archive-map\">\t\t\t\t<div class=\"immomakler-map-iframe\" id=\"immomakler-map-iframe\">\n\t\t\t\t\t<div class=\"immomakler-map-loading-spinner immomakler-spinner\" id=\"immomakler-map-loading-spinner\"><\/div>\n\t\t\t\t\t<iframe class=\"immomakler-map-iframe\" id=\"immomakler-map-iframe-archive\" src=\"https:\/\/www.firstcitiz.com\/fr\/annonces-immobilieres?meta_key=regionaler_zusatz&meta_value=Mitte&show_orderby=1&callback=map-iframe\" loading=\"lazy\" referrerpolicy=\"origin\"><\/iframe>\n\t\t\t\t<\/div>\n\t\t\t\t\n\t\t\t\t\t\t<script>\n\t\t\t\t\t\t\tdocument.getElementById(\"immomakler-map-iframe-archive\").onload = function() { const spinner = document.getElementById(\"immomakler-map-loading-spinner\"); if (spinner){ spinner.remove(); } };\n\t\t\t\t\t\t<\/script>\n\t\t\t\t\t<style>\n\t\t\t\t.immomakler-map-iframe,\n\t\t\t\t.immomakler .immomakler-map-iframe,\n\t\t\t\t.immomakler .map {\n\t\t\t\t\tbackground-image: url(https:\/\/www.firstcitiz.com\/wp-content\/plugins\/immomakler\/skins\/bootstrap3\/img\/map-coloured.webp);\n\t\t\t\t\tbackground-position: center center;\n\t\t\t\t\tbackground-size: cover;\n\t\t\t\t}\n\t\t\t<\/style><\/div><\/div><\/div>\n\n\n\n<p>Les adresses des biens immobiliers sur la carte sont approximatives<\/p>\n<\/div>\n\n\n\n<div class=\"wp-block-column is-layout-flow wp-block-column-is-layout-flow\">\n<p style=\"text-align: justify;\">Vous \u00eates int\u00e9ress\u00e9 par l&#8217;achat d&#8217;un appartement \u00e0 Berlin-Mitte?<\/p>\n<p style=\"text-align: justify;\">D\u00e9couvrez notre s\u00e9lection de d&#8217;appartements \u00e0 vendre \u00e0 Mitte situ\u00e9s\u00a0 dans ce quartier historique du centre de la capitale de l\u2019Allemagne. Nous proposons diff\u00e9rents type d\u2019appartements \u00e0 vendre \u00e0 Berlin-Mitte dans l&#8217;ancien et dans le neuf et dans diff\u00e9rentes gammes de prix. Nos appartements b\u00e9n\u00e9ficientd d&#8217;emplacements de choix \u00e0 proximit\u00e9\u00a0 des symboles de ce quartier comme la Postdamer Platz, l&#8217;\u00eele aux mus\u00e9es, l&#8217;\u00eele des p\u00eacheurs (Fischerinsel) et la porte de Brandebourg.<\/p>\n<p style=\"text-align: justify;\">Si vous \u00eates int\u00e9ress\u00e9 par l&#8217;achat d&#8217;un appartement \u00e0 Mitte, cliquez sur les annonces immobili\u00e8res qui vous int\u00e9ressent pour en savoir plus sur la surface, le prix, les \u00e9quipements, la performance \u00e9nerg\u00e9tique, le nombre de pi\u00e8ces et chambres, les salles de bains et pour acc\u00e9der \u00e0 la fiche de description compl\u00e8te du bien.<\/p>\n<p style=\"text-align: justify;\">Si vous trouvez l&#8217;appartement qui correspond \u00e0 vos crit\u00e8res, n\u2019h\u00e9sitez pas \u00e0 remplir la demande sur la fiche du bien pour avoir plus d\u2019informations et\u00a0 planifier une visite avec un conseiller de notre agence.<\/p>\n<p style=\"text-align: justify;\">Merci de noter que seulement une partie de notre portefeuille d\u2019appartements \u00e0 vendre \u00e0 Mitte est affich\u00e9e sur cette page d&#8217;annonces. Si vous ne trouvez pas l&#8217;appartement qui vous correspond, veuillez remplir le formulaire de recherche en bas de page afin que nous puissions vous envoyer des offres appropri\u00e9es \u00e0 Mitte.<\/p>\n<\/div>\n<\/div>\n\n\n<div id=\"immobiliensuche\">\t\t\t<div id=\"shortcode-immomakler-search\" class=\"immomakler\">\n\t\t\t\t\t\t\t\t\t\t<script type=\"text\/javascript\">\n\t\t\t\t\t(function($) {\n\t\t\t\t\t\t$(function() {\n\t\t\t\t\t\t\t\t\t\t\t\t\t\t\t$('.selectpicker').selectpicker({tickIcon: 'glyphicon-check', doneButton: true, doneButtonText: 'markierte ausw\u00e4hlen'});\n\t\t\t\t\t\t\t\t\t\t\t\t\t});\n\t\t\t\t\t})(jQuery);\n\t\t\t\t<\/script>\n\t\t\t\t<style>\n\t\t\t\t\t.immomakler-search-taxonomy,\n\t\t\t\t\t.immomakler-search-radius {\n\t\t\t\t\t\tdisplay: none;\n\t\t\t\t\t}\n\t\t\t\t<\/style>\n\t\t\t\t\t\t\t<script type=\"text\/javascript\">\n\t\t\t\t\t\t\t\t\t\twindow.immomaklerAjaxifyConfig = {\"event\":\"scroll\",\"loading\":\"infinite\",\"loadingContainer\":\".immomakler-loading-container\",\"perPage\":\"40\",\"texts\":{\"amount\":\"{total} r\\u00e9sultats\",\"button\":\"Weitere {amount} Ergebnisse laden\"},\"override\":{\"immomaklerTitle\":\".archive-subtitle\"},\"controls\":{\"handleFormSubmit\":false,\"updateTitle\":true,\"updateUrl\":\"FILTER_ONLY\"}}\t\t\t\t<\/script>\n\t\t\t\t<form data-immomakler=\"search-form\" id=\"shortcode-immomakler-search-form\" action=\"https:\/\/www.firstcitiz.com\/fr\/annonces-immobilieres\" method=\"get\">\n\t\t\t\t<input type=\"hidden\" name=\"post_type\" value=\"immomakler_object\">\n\t\t\t\t<input type=\"hidden\" name=\"paged\" value=\"1\">\n\t\t\t\t\t\t\t\t\t\t\t\t\t\t\t\t\t\t\t\t\t\t\t\t<div class=\"search-taxonomies row\">\n\t\t\t\t\t\t\t\t<select id=\"shortcode-immomakler-search-taxonomy-immomakler_regionaler_zusatz\"\n\t\t\t\t\t\tname=\"stadtteil[]\"\n\t\t\t\t\t\tclass=\"immomakler-search-taxonomy immomakler_regionaler_zusatz col-xs-12 col-sm-12 selectpicker\"\n\t\t\t\t\t\t multiple data-tick-icon=\"glyphicon-check\" title=\"Quartiers\"\t\t\t\t\t\t data-dropup-auto=\"false\"\t\t\t\t\t\t\t\t\t\t\t\taria-label=\"Stadtteile\">\n\t\t\t\t\t\t\t\t\t\t\t\t\t\t\t\t\t\t\t<option value=\"charlottenburg-fr\">\n\t\t\t\t\tCharlottenburg\t\t\t\t\t<\/option>\n\t\t\t\t\t\t\t\t\t\t<option value=\"friedrichshain-fr\">\n\t\t\t\t\tFriedrichshain\t\t\t\t\t<\/option>\n\t\t\t\t\t\t\t\t\t\t<option value=\"pankow-fr\">\n\t\t\t\t\tPankow\t\t\t\t\t<\/option>\n\t\t\t\t\t\t\t\t\t\t<option value=\"prenzlauer-berg-fr\">\n\t\t\t\t\tPrenzlauer Berg\t\t\t\t\t<\/option>\n\t\t\t\t\t\t\t\t\t\t<option value=\"schoeneberg-fr\">\n\t\t\t\t\tSch\u00f6neberg\t\t\t\t\t<\/option>\n\t\t\t\t\t\t\t\t\t<\/select>\n\t\t\t\t\t\t\t<select id=\"shortcode-immomakler-search-taxonomy-immomakler_anzahl_zimmer\"\n\t\t\t\t\t\tname=\"zimmer[]\"\n\t\t\t\t\t\tclass=\"immomakler-search-taxonomy immomakler_anzahl_zimmer col-xs-12 col-sm-12 selectpicker\"\n\t\t\t\t\t\t multiple data-tick-icon=\"glyphicon-check\" title=\"Pi\u00e8ces\"\t\t\t\t\t\t data-dropup-auto=\"false\"\t\t\t\t\t\t\t\t\t\t\t\taria-label=\"Anzahl Zimmer\">\n\t\t\t\t\t\t\t\t\t\t\t\t\t\t\t\t\t\t\t<option value=\"1-fr\">\n\t\t\t\t\t1\t\t\t\t\t<\/option>\n\t\t\t\t\t\t\t\t\t\t<option value=\"2-fr\">\n\t\t\t\t\t2\t\t\t\t\t<\/option>\n\t\t\t\t\t\t\t\t\t\t<option value=\"3-fr\">\n\t\t\t\t\t3\t\t\t\t\t<\/option>\n\t\t\t\t\t\t\t\t\t\t<option value=\"3-5-fr\">\n\t\t\t\t\t3.5\t\t\t\t\t<\/option>\n\t\t\t\t\t\t\t\t\t\t<option value=\"4-fr\">\n\t\t\t\t\t4\t\t\t\t\t<\/option>\n\t\t\t\t\t\t\t\t\t\t<option value=\"5-fr\">\n\t\t\t\t\t5\t\t\t\t\t<\/option>\n\t\t\t\t\t\t\t\t\t<\/select>\n\t\t\t\t\t\t\t<select id=\"shortcode-immomakler-search-taxonomy-immomakler_vermietet\"\n\t\t\t\t\t\tname=\"vermietet[]\"\n\t\t\t\t\t\tclass=\"immomakler-search-taxonomy immomakler_vermietet col-xs-12 col-sm-12 selectpicker\"\n\t\t\t\t\t\t multiple data-tick-icon=\"glyphicon-check\" title=\"Statut\"\t\t\t\t\t\t data-dropup-auto=\"false\"\t\t\t\t\t\t\t\t\t\t\t\taria-label=\"Statut\">\n\t\t\t\t\t\t\t\t\t\t\t\t\t\t\t\t\t\t\t<option value=\"bezugsfrei-fr\">\n\t\t\t\t\tLibre\t\t\t\t\t<\/option>\n\t\t\t\t\t\t\t\t\t<\/select>\n\t\t\t\t\t\t\t<\/div>\n\t\t\t\t\t\t\t\t  <div id=\"shortcode-immomakler-search-advanced\" class=\"panel panel-default\">\n\t\t\t\t\t\t\t\t\t\t<div class=\"panel-heading\"><div class=\"search-actions row\">\n\t\t\t\t\t\t\t\t\t\t\t\t\t<button type=\"submit\" class=\"immomakler-submit btn btn-primary\">\n\t\t\t\t\t\t\t\t<span class=\"glyphicon glyphicon-search\"><\/span>\n\t\t\t\t\t\t\t161 resultat\t\t\t\t\t\t\t<\/button>\n\t\t\t\t\t\t\t\t\t\t\t\t\t\t\t\t\t\t\t\t\t\t\t\t\t\t\t\t\t\t\t<a class=\"btn btn-secondary\" id=\"immomakler-search-reset\" href=\"\" role=\"button\">\n\t\t\t\t\t\t\tReinitialiser recherche\t\t\t\t\t\t<\/a>\n\t\t\t\t\t\t\t\t\t\t\t\t\t\t\t\t\t\t\t\t\t\t<\/div><\/div>\n\t\t\t\t\t\t\t\t  <\/div>\n\t\t\t\t\t\t\t\t<\/form>\n\t\t\t\t<script type=\"text\/javascript\">\n\t\t\t\t(function($) {\n\t\t\t\t  $(function() {\n\t\t\t\t\t$( '#shortcode-immomakler-search' ).ajaxStart(function() {\n\t\t\t\t\t  $( '#shortcode-immomakler-search' ).css('opacity', 0.5);\n\t\t\t\t\t});\n\t\t\t\t\t$( '#shortcode-immomakler-search' ).ajaxComplete(function() {\n\t\t\t\t\t  $( '#shortcode-immomakler-search' ).css('opacity', 1);\n\t\t\t\t\t});\n\t\t\t\t  });\n\t\t\t\t})(jQuery);\n\t\t\t\t\t\t\t\t(function($) {\n\t\t\t\t  $(function() {\n\t\t\t\t\t$('.immomakler-search-taxonomy').on('hidden.bs.select', function (e) {\n\t\t\t\t\t\t  if ($('[data-submit-form=\"objekt-id\"]').val()) {\n\t\t\t\t\t\t\t  $('[data-immomakler=\"search-form\"]').submit();\n\t\t\t\t\t\t\t  return false;\n\t\t\t\t\t\t  }\n\t\t\t\t\t  if ($('#shortcode-collapseable-search').hasClass('in')) { $(\"input[name='collapse']\").val('in');} else { $(\"input[name='collapse']\").val('out');}\n\t\t\t\t\t  \t\t\t\t\t\t$('#shortcode-immomakler-search').load('https:\/\/www.firstcitiz.com\/fr\/annonces-immobilieres?callback=immomakler_get_search_form&post_type=immomakler_object&columns=1&prefix=shortcode-&' + $('#shortcode-immomakler-search-form').serialize() );\n\t\t\t\t\t  \t\t\t\t\t\treturn false;\n\t\t\t\t\t});\n\t\t\t\t  });\n\t\t\t\t})(jQuery);\n\t\t\t\t\t\t\t\t\t\t\t\t(function($) {\n\t\t\t\t  $(function() {\n\t\t\t\t\t$('.immomakler-search-range-slider').change(function() {\n\t\t\t\t\t\tif ($('[data-submit-form=\"objekt-id\"]').val()) {\n\t\t\t\t\t\t\t$('[data-immomakler=\"search-form\"]').submit();\n\t\t\t\t\t\t\treturn false;\n\t\t\t\t\t\t  }\n\t\t\t\t\t  if ($('#shortcode-collapseable-search').hasClass('in')) { $(\"input[name='collapse']\").val('in');} else { $(\"input[name='collapse']\").val('out');}\n\t\t\t\t\t  \t\t\t\t\t$('#shortcode-immomakler-search').load('https:\/\/www.firstcitiz.com\/fr\/annonces-immobilieres?callback=immomakler_get_search_form&post_type=immomakler_object&columns=1&prefix=shortcode-&' + $('#shortcode-immomakler-search-form').serialize() );\n\t\t\t\t\t  \t\t\t\t\t\treturn false;\n\t\t\t\t\t});\n\t\t\t\t  });\n\t\t\t\t})(jQuery);\n\t\t\t\t\t\t\t\t\t\t\t\t(function($) {\n\t\t\t\t  $(function() {\n\t\t\t\t\t$('.immomakler-search-radius').change(function() {\n\t\t\t\t\t\tif ($('[data-submit-form=\"objekt-id\"]').val()) {\n\t\t\t\t\t\t\t$('[data-immomakler=\"search-form\"]').submit();\n\t\t\t\t\t\t\treturn false;\n\t\t\t\t\t\t  }\n\t\t\t\t\t  if ($('#shortcode-collapseable-search').hasClass('in')) { $(\"input[name='collapse']\").val('in');} else { $(\"input[name='collapse']\").val('out');}\n\t\t\t\t\t  \t\t\t\t\t$('#shortcode-immomakler-search').load('https:\/\/www.firstcitiz.com\/fr\/annonces-immobilieres?callback=immomakler_get_search_form&post_type=immomakler_object&columns=1&prefix=shortcode-&' + $('#shortcode-immomakler-search-form').serialize() );\n\t\t\t\t\t  \t\t\t\t\t\treturn false;\n\t\t\t\t\t});\n\t\t\t\t  });\n\t\t\t\t})(jQuery);\n\t\t\t\t\t\t\t\t(function($) {\n\t\t\t\t  $(function() {\n\t\t\t\t\t$('#immomakler-search-reset').click(function() {\n\t\t\t\t\t  if ($('#shortcode-collapseable-search').hasClass('in')) { $(\"input[name='collapse']\").val('in');} else { $(\"input[name='collapse']\").val('out');}\n\t\t\t\t\t$('#shortcode-immomakler-search').load('https:\/\/www.firstcitiz.com\/fr\/annonces-immobilieres?callback=immomakler_get_search_form&post_type=immomakler_object&columns=1&prefix=shortcode-' );\n\t\t\t\t\t\treturn false;\n\t\t\t\t\t});\n\t\t\t\t  });\n\t\t\t\t})(jQuery);\n\t\t\t\tjQuery(document).ready(function($) {\n\t\t\t\t\t$('.search-ranges').show();\n\t\t\t\t});\n\t\t\t\t<\/script>\n\t\t\t\t\t\t<\/div> <!-- immomakler-search -->\n\t\t\t<\/div>\n\n\n\t\t\t\t\t\t\t\t\t\n","protected":false},"excerpt":{"rendered":"<p>Nos appartements \u00e0 vendre \u00e0 Berlin Mitte Les adresses des biens immobiliers sur la carte sont approximatives Vous \u00eates int\u00e9ress\u00e9 par l&#8217;achat d&#8217;un appartement \u00e0 Berlin-Mitte? D\u00e9couvrez notre s\u00e9lection de d&#8217;appartements \u00e0 vendre \u00e0 Mitte situ\u00e9s\u00a0 dans ce quartier historique du centre de la capitale de l\u2019Allemagne. Nous proposons diff\u00e9rents type d\u2019appartements \u00e0 vendre \u00e0 &#8230; <a title=\"Appartements \u00e0 vendre \u00e0 Berlin Mitte\" class=\"read-more\" href=\"https:\/\/www.firstcitiz.com\/fr\/immobilier-a-vendre-allemagne-berlin\/appartements-berlin-mitte\" aria-label=\"En savoir plus sur Appartements \u00e0 vendre \u00e0 Berlin Mitte\">Lire la suite<\/a><\/p>\n","protected":false},"author":4,"featured_media":0,"parent":17831,"menu_order":0,"comment_status":"closed","ping_status":"closed","template":"","meta":{"footnotes":""},"class_list":["post-22935","page","type-page","status-publish"],"yoast_head":"<!-- This site is optimized with the Yoast SEO Premium plugin v22.3 (Yoast SEO v27.3) - https:\/\/yoast.com\/product\/yoast-seo-premium-wordpress\/ -->\n<title>Appartements \u00e0 vendre \u00e0 Berlin Mitte | First Citiz Berlin<\/title>\n<meta name=\"description\" content=\"Annonces d&#039;appartements \u00e0 vendre \u00e0 Berlin Mitte. En savoir plus sur les prix d&#039;achat immobilier \u00e0 Mitte, quartier central de la capitale de l&#039;Allemagne.\" \/>\n<meta name=\"robots\" content=\"index, follow, max-snippet:-1, max-image-preview:large, max-video-preview:-1\" \/>\n<link rel=\"canonical\" href=\"https:\/\/www.firstcitiz.com\/fr\/immobilier-a-vendre-allemagne-berlin\/appartements-berlin-mitte\" \/>\n<meta property=\"og:locale\" content=\"fr_FR\" \/>\n<meta property=\"og:type\" content=\"article\" \/>\n<meta property=\"og:title\" content=\"Appartements \u00e0 vendre \u00e0 Berlin Mitte\" \/>\n<meta property=\"og:description\" content=\"Annonces d&#039;appartements \u00e0 vendre \u00e0 Berlin Mitte. En savoir plus sur les prix d&#039;achat immobilier \u00e0 Mitte, quartier central de la capitale de l&#039;Allemagne.\" \/>\n<meta property=\"og:url\" content=\"https:\/\/www.firstcitiz.com\/fr\/immobilier-a-vendre-allemagne-berlin\/appartements-berlin-mitte\" \/>\n<meta property=\"og:site_name\" content=\"First Citiz Berlin\" \/>\n<meta property=\"article:publisher\" content=\"https:\/\/www.facebook.com\/firstcitiz\/\" \/>\n<meta property=\"article:modified_time\" content=\"2022-04-04T11:44:55+00:00\" \/>\n<meta name=\"twitter:label1\" content=\"Dur\u00e9e de lecture estim\u00e9e\" \/>\n\t<meta name=\"twitter:data1\" content=\"2 minutes\" \/>\n<script type=\"application\/ld+json\" class=\"yoast-schema-graph\">{\"@context\":\"https:\\\/\\\/schema.org\",\"@graph\":[{\"@type\":[\"WebPage\",\"RealEstateListing\"],\"@id\":\"https:\\\/\\\/www.firstcitiz.com\\\/fr\\\/immobilier-a-vendre-allemagne-berlin\\\/appartements-berlin-mitte\",\"url\":\"https:\\\/\\\/www.firstcitiz.com\\\/fr\\\/immobilier-a-vendre-allemagne-berlin\\\/appartements-berlin-mitte\",\"name\":\"Appartements \u00e0 vendre \u00e0 Berlin Mitte | First Citiz Berlin\",\"isPartOf\":{\"@id\":\"https:\\\/\\\/www.firstcitiz.com\\\/#website\"},\"datePublished\":\"2020-05-24T14:59:15+00:00\",\"dateModified\":\"2022-04-04T11:44:55+00:00\",\"description\":\"Annonces d'appartements \u00e0 vendre \u00e0 Berlin Mitte. En savoir plus sur les prix d'achat immobilier \u00e0 Mitte, quartier central de la capitale de l'Allemagne.\",\"breadcrumb\":{\"@id\":\"https:\\\/\\\/www.firstcitiz.com\\\/fr\\\/immobilier-a-vendre-allemagne-berlin\\\/appartements-berlin-mitte#breadcrumb\"},\"inLanguage\":\"fr-FR\",\"potentialAction\":[{\"@type\":\"ReadAction\",\"target\":[\"https:\\\/\\\/www.firstcitiz.com\\\/fr\\\/immobilier-a-vendre-allemagne-berlin\\\/appartements-berlin-mitte\"]}]},{\"@type\":\"BreadcrumbList\",\"@id\":\"https:\\\/\\\/www.firstcitiz.com\\\/fr\\\/immobilier-a-vendre-allemagne-berlin\\\/appartements-berlin-mitte#breadcrumb\",\"itemListElement\":[{\"@type\":\"ListItem\",\"position\":1,\"name\":\"Home\",\"item\":\"https:\\\/\\\/www.firstcitiz.com\\\/fr\"},{\"@type\":\"ListItem\",\"position\":2,\"name\":\"Appartements \u00e0 vendre \u00e0 Berlin\",\"item\":\"https:\\\/\\\/www.firstcitiz.com\\\/fr\\\/immobilier-a-vendre-allemagne-berlin\"},{\"@type\":\"ListItem\",\"position\":3,\"name\":\"Appartements \u00e0 vendre \u00e0 Berlin Mitte\"}]},{\"@type\":\"WebSite\",\"@id\":\"https:\\\/\\\/www.firstcitiz.com\\\/#website\",\"url\":\"https:\\\/\\\/www.firstcitiz.com\\\/\",\"name\":\"First Citiz Berlin\",\"description\":\"International real estate agency | Berlin apartments &amp; properties for sale\",\"publisher\":{\"@id\":\"https:\\\/\\\/www.firstcitiz.com\\\/#organization\"},\"potentialAction\":[{\"@type\":\"SearchAction\",\"target\":{\"@type\":\"EntryPoint\",\"urlTemplate\":\"https:\\\/\\\/www.firstcitiz.com\\\/?s={search_term_string}\"},\"query-input\":{\"@type\":\"PropertyValueSpecification\",\"valueRequired\":true,\"valueName\":\"search_term_string\"}}],\"inLanguage\":\"fr-FR\"},{\"@type\":\"Organization\",\"@id\":\"https:\\\/\\\/www.firstcitiz.com\\\/#organization\",\"name\":\"First Citiz Berlin\",\"url\":\"https:\\\/\\\/www.firstcitiz.com\\\/\",\"logo\":{\"@type\":\"ImageObject\",\"inLanguage\":\"fr-FR\",\"@id\":\"https:\\\/\\\/www.firstcitiz.com\\\/#\\\/schema\\\/logo\\\/image\\\/\",\"url\":\"https:\\\/\\\/www.firstcitiz.com\\\/wp-content\\\/uploads\\\/2019\\\/10\\\/icon.png\",\"contentUrl\":\"https:\\\/\\\/www.firstcitiz.com\\\/wp-content\\\/uploads\\\/2019\\\/10\\\/icon.png\",\"width\":512,\"height\":512,\"caption\":\"First Citiz Berlin\"},\"image\":{\"@id\":\"https:\\\/\\\/www.firstcitiz.com\\\/#\\\/schema\\\/logo\\\/image\\\/\"},\"sameAs\":[\"https:\\\/\\\/www.facebook.com\\\/firstcitiz\\\/\"]}]}<\/script>\n<!-- \/ Yoast SEO Premium plugin. -->","yoast_head_json":{"title":"Appartements \u00e0 vendre \u00e0 Berlin Mitte | First Citiz Berlin","description":"Annonces d'appartements \u00e0 vendre \u00e0 Berlin Mitte. En savoir plus sur les prix d'achat immobilier \u00e0 Mitte, quartier central de la capitale de l'Allemagne.","robots":{"index":"index","follow":"follow","max-snippet":"max-snippet:-1","max-image-preview":"max-image-preview:large","max-video-preview":"max-video-preview:-1"},"canonical":"https:\/\/www.firstcitiz.com\/fr\/immobilier-a-vendre-allemagne-berlin\/appartements-berlin-mitte","og_locale":"fr_FR","og_type":"article","og_title":"Appartements \u00e0 vendre \u00e0 Berlin Mitte","og_description":"Annonces d'appartements \u00e0 vendre \u00e0 Berlin Mitte. En savoir plus sur les prix d'achat immobilier \u00e0 Mitte, quartier central de la capitale de l'Allemagne.","og_url":"https:\/\/www.firstcitiz.com\/fr\/immobilier-a-vendre-allemagne-berlin\/appartements-berlin-mitte","og_site_name":"First Citiz Berlin","article_publisher":"https:\/\/www.facebook.com\/firstcitiz\/","article_modified_time":"2022-04-04T11:44:55+00:00","twitter_misc":{"Dur\u00e9e de lecture estim\u00e9e":"2 minutes"},"schema":{"@context":"https:\/\/schema.org","@graph":[{"@type":["WebPage","RealEstateListing"],"@id":"https:\/\/www.firstcitiz.com\/fr\/immobilier-a-vendre-allemagne-berlin\/appartements-berlin-mitte","url":"https:\/\/www.firstcitiz.com\/fr\/immobilier-a-vendre-allemagne-berlin\/appartements-berlin-mitte","name":"Appartements \u00e0 vendre \u00e0 Berlin Mitte | First Citiz Berlin","isPartOf":{"@id":"https:\/\/www.firstcitiz.com\/#website"},"datePublished":"2020-05-24T14:59:15+00:00","dateModified":"2022-04-04T11:44:55+00:00","description":"Annonces d'appartements \u00e0 vendre \u00e0 Berlin Mitte. En savoir plus sur les prix d'achat immobilier \u00e0 Mitte, quartier central de la capitale de l'Allemagne.","breadcrumb":{"@id":"https:\/\/www.firstcitiz.com\/fr\/immobilier-a-vendre-allemagne-berlin\/appartements-berlin-mitte#breadcrumb"},"inLanguage":"fr-FR","potentialAction":[{"@type":"ReadAction","target":["https:\/\/www.firstcitiz.com\/fr\/immobilier-a-vendre-allemagne-berlin\/appartements-berlin-mitte"]}]},{"@type":"BreadcrumbList","@id":"https:\/\/www.firstcitiz.com\/fr\/immobilier-a-vendre-allemagne-berlin\/appartements-berlin-mitte#breadcrumb","itemListElement":[{"@type":"ListItem","position":1,"name":"Home","item":"https:\/\/www.firstcitiz.com\/fr"},{"@type":"ListItem","position":2,"name":"Appartements \u00e0 vendre \u00e0 Berlin","item":"https:\/\/www.firstcitiz.com\/fr\/immobilier-a-vendre-allemagne-berlin"},{"@type":"ListItem","position":3,"name":"Appartements \u00e0 vendre \u00e0 Berlin Mitte"}]},{"@type":"WebSite","@id":"https:\/\/www.firstcitiz.com\/#website","url":"https:\/\/www.firstcitiz.com\/","name":"First Citiz Berlin","description":"International real estate agency | Berlin apartments &amp; properties for sale","publisher":{"@id":"https:\/\/www.firstcitiz.com\/#organization"},"potentialAction":[{"@type":"SearchAction","target":{"@type":"EntryPoint","urlTemplate":"https:\/\/www.firstcitiz.com\/?s={search_term_string}"},"query-input":{"@type":"PropertyValueSpecification","valueRequired":true,"valueName":"search_term_string"}}],"inLanguage":"fr-FR"},{"@type":"Organization","@id":"https:\/\/www.firstcitiz.com\/#organization","name":"First Citiz Berlin","url":"https:\/\/www.firstcitiz.com\/","logo":{"@type":"ImageObject","inLanguage":"fr-FR","@id":"https:\/\/www.firstcitiz.com\/#\/schema\/logo\/image\/","url":"https:\/\/www.firstcitiz.com\/wp-content\/uploads\/2019\/10\/icon.png","contentUrl":"https:\/\/www.firstcitiz.com\/wp-content\/uploads\/2019\/10\/icon.png","width":512,"height":512,"caption":"First Citiz Berlin"},"image":{"@id":"https:\/\/www.firstcitiz.com\/#\/schema\/logo\/image\/"},"sameAs":["https:\/\/www.facebook.com\/firstcitiz\/"]}]}},"_links":{"self":[{"href":"https:\/\/www.firstcitiz.com\/fr\/wp-json\/wp\/v2\/pages\/22935","targetHints":{"allow":["GET"]}}],"collection":[{"href":"https:\/\/www.firstcitiz.com\/fr\/wp-json\/wp\/v2\/pages"}],"about":[{"href":"https:\/\/www.firstcitiz.com\/fr\/wp-json\/wp\/v2\/types\/page"}],"author":[{"embeddable":true,"href":"https:\/\/www.firstcitiz.com\/fr\/wp-json\/wp\/v2\/users\/4"}],"replies":[{"embeddable":true,"href":"https:\/\/www.firstcitiz.com\/fr\/wp-json\/wp\/v2\/comments?post=22935"}],"version-history":[{"count":1,"href":"https:\/\/www.firstcitiz.com\/fr\/wp-json\/wp\/v2\/pages\/22935\/revisions"}],"predecessor-version":[{"id":841155,"href":"https:\/\/www.firstcitiz.com\/fr\/wp-json\/wp\/v2\/pages\/22935\/revisions\/841155"}],"up":[{"embeddable":true,"href":"https:\/\/www.firstcitiz.com\/fr\/wp-json\/wp\/v2\/pages\/17831"}],"wp:attachment":[{"href":"https:\/\/www.firstcitiz.com\/fr\/wp-json\/wp\/v2\/media?parent=22935"}],"curies":[{"name":"wp","href":"https:\/\/api.w.org\/{rel}","templated":true}]}}