{"id":20534,"date":"2020-04-29T15:13:45","date_gmt":"2020-04-29T13:13:45","guid":{"rendered":"https:\/\/firstcitiz.com\/?page_id=20534"},"modified":"2023-10-12T18:56:29","modified_gmt":"2023-10-12T16:56:29","slug":"mentions-legales","status":"publish","type":"page","link":"https:\/\/www.firstcitiz.com\/fr\/mentions-legales","title":{"rendered":"Mentions l\u00e9gales"},"content":{"rendered":"\n<h1 style=\"text-align: center;\">Mentions l\u00e9gales<\/h1>\n<p>\u00a0<\/p>\n<p>First Citiz GmbH est une agence immobili\u00e8re bas\u00e9e \u00e0 Berlin en Allemagne.<\/p>\n<p>Nom de la soci\u00e9t\u00e9: First Citiz GmbH<\/p>\n<p>Si\u00e8ge social: Pappelallee 11, 10437 Berlin<\/p>\n<p>T\u00e9l\u00e9phone: +49 (0) 30 41 71 72 74<\/p>\n<p>Courriel: contact@firstcitiz.com<\/p>\n<p>\u00a0<\/p>\n<p>Registre des soci\u00e9t\u00e9s: Amtsgericht Charlottenburg, HR-No. HRB 158620<\/p>\n<p>Directeur: Dhaker HAJ ALI<\/p>\n<p>Num\u00e9ro d&#8217;enregistrement TVA en Allemagne: 37\/286\/31185<\/p>\n<p>Num\u00e9ro d&#8217;enregistrement TVA intracommunautaire EU: DE295101629<\/p>\n<p>Licence \u00a7 34c GewO pour les transactions en Allemagne d\u00e9livr\u00e9e par le district de Pankow \u00e0 Berlin.<\/p>\n<p>\u00a0<\/p>\n<p>Les domaines Firstcitiz.com et Firstcitiz.de sont la propri\u00e9t\u00e9 de First Citiz GmbH. Toute utilisation non autoris\u00e9e, totalement ou partiellement, est strictement interdite.<\/p>\n<p>First Citiz est une marque commerciale enregistr\u00e9e. Toute utilisation de ce nom, totale ou partielle, priv\u00e9e ou commerciale, est strictement interdite.<\/p>\n<p>First Citiz Berlin est nom commercial de First Citiz GmbH.<\/p>\n<p>R\u00e8glement des litiges en ligne conform\u00e9ment \u00e0 l&#8217;article 14, paragraphe 1 ODR-VO: La Commission europ\u00e9enne fournit une plate-forme de r\u00e9solution des litiges en ligne (OS), que vous pouvez trouver \u00e0 l&#8217;adresse <a href=\"https:\/\/ec.europa.eu\/consumers\/odr\/\">https:\/\/ec.europa.eu\/consumers\/odr\/.<\/a><\/p>\n\n\n\n<p><\/p>\n","protected":false},"excerpt":{"rendered":"<p>Mentions l\u00e9gales \u00a0 First Citiz GmbH est une agence immobili\u00e8re bas\u00e9e \u00e0 Berlin en Allemagne. Nom de la soci\u00e9t\u00e9: First Citiz GmbH Si\u00e8ge social: Pappelallee 11, 10437 Berlin T\u00e9l\u00e9phone: +49 (0) 30 41 71 72 74 Courriel: contact@firstcitiz.com \u00a0 Registre des soci\u00e9t\u00e9s: Amtsgericht Charlottenburg, HR-No. HRB 158620 Directeur: Dhaker HAJ ALI Num\u00e9ro d&#8217;enregistrement TVA en &#8230; <a title=\"Mentions l\u00e9gales\" class=\"read-more\" href=\"https:\/\/www.firstcitiz.com\/fr\/mentions-legales\" aria-label=\"En savoir plus sur Mentions l\u00e9gales\">Lire la suite<\/a><\/p>\n","protected":false},"author":1,"featured_media":0,"parent":0,"menu_order":0,"comment_status":"closed","ping_status":"closed","template":"","meta":{"footnotes":""},"class_list":["post-20534","page","type-page","status-publish"],"yoast_head":"<!-- This site is optimized with the Yoast SEO Premium plugin v22.3 (Yoast SEO v27.4) - https:\/\/yoast.com\/product\/yoast-seo-premium-wordpress\/ -->\n<title>Mentions l\u00e9gales | First Citiz Berlin<\/title>\n<meta name=\"description\" content=\"First Citiz GmbH est une agence immobili\u00e8re bas\u00e9e \u00e0 Berlin en Allemagne. Licence \u00a7 34c GewO pour les transactions en Allemagne d\u00e9livr\u00e9e par le district de Pankow \u00e0 Berlin.\" \/>\n<meta name=\"robots\" content=\"index, follow, max-snippet:-1, max-image-preview:large, max-video-preview:-1\" \/>\n<link rel=\"canonical\" href=\"https:\/\/www.firstcitiz.com\/fr\/mentions-legales\" \/>\n<meta property=\"og:locale\" content=\"fr_FR\" \/>\n<meta property=\"og:type\" content=\"article\" \/>\n<meta property=\"og:title\" content=\"Mentions l\u00e9gales\" \/>\n<meta property=\"og:description\" content=\"First Citiz GmbH est une agence immobili\u00e8re bas\u00e9e \u00e0 Berlin en Allemagne. Licence \u00a7 34c GewO pour les transactions en Allemagne d\u00e9livr\u00e9e par le district de Pankow \u00e0 Berlin.\" \/>\n<meta property=\"og:url\" content=\"https:\/\/www.firstcitiz.com\/fr\/mentions-legales\" \/>\n<meta property=\"og:site_name\" content=\"First Citiz Berlin\" \/>\n<meta property=\"article:publisher\" content=\"https:\/\/www.facebook.com\/firstcitiz\/\" \/>\n<meta property=\"article:modified_time\" content=\"2023-10-12T16:56:29+00:00\" \/>\n<meta name=\"twitter:label1\" content=\"Dur\u00e9e de lecture estim\u00e9e\" \/>\n\t<meta name=\"twitter:data1\" content=\"1 minute\" \/>\n<script type=\"application\/ld+json\" class=\"yoast-schema-graph\">{\"@context\":\"https:\\\/\\\/schema.org\",\"@graph\":[{\"@type\":\"WebPage\",\"@id\":\"https:\\\/\\\/www.firstcitiz.com\\\/fr\\\/mentions-legales\",\"url\":\"https:\\\/\\\/www.firstcitiz.com\\\/fr\\\/mentions-legales\",\"name\":\"Mentions l\u00e9gales | First Citiz Berlin\",\"isPartOf\":{\"@id\":\"https:\\\/\\\/www.firstcitiz.com\\\/#website\"},\"datePublished\":\"2020-04-29T13:13:45+00:00\",\"dateModified\":\"2023-10-12T16:56:29+00:00\",\"description\":\"First Citiz GmbH est une agence immobili\u00e8re bas\u00e9e \u00e0 Berlin en Allemagne. Licence \u00a7 34c GewO pour les transactions en Allemagne d\u00e9livr\u00e9e par le district de Pankow \u00e0 Berlin.\",\"breadcrumb\":{\"@id\":\"https:\\\/\\\/www.firstcitiz.com\\\/fr\\\/mentions-legales#breadcrumb\"},\"inLanguage\":\"fr-FR\",\"potentialAction\":[{\"@type\":\"ReadAction\",\"target\":[\"https:\\\/\\\/www.firstcitiz.com\\\/fr\\\/mentions-legales\"]}]},{\"@type\":\"BreadcrumbList\",\"@id\":\"https:\\\/\\\/www.firstcitiz.com\\\/fr\\\/mentions-legales#breadcrumb\",\"itemListElement\":[{\"@type\":\"ListItem\",\"position\":1,\"name\":\"Home\",\"item\":\"https:\\\/\\\/www.firstcitiz.com\\\/fr\"},{\"@type\":\"ListItem\",\"position\":2,\"name\":\"Mentions l\u00e9gales\"}]},{\"@type\":\"WebSite\",\"@id\":\"https:\\\/\\\/www.firstcitiz.com\\\/#website\",\"url\":\"https:\\\/\\\/www.firstcitiz.com\\\/\",\"name\":\"First Citiz Berlin\",\"description\":\"International real estate agency | Berlin apartments &amp; properties for sale\",\"publisher\":{\"@id\":\"https:\\\/\\\/www.firstcitiz.com\\\/#organization\"},\"potentialAction\":[{\"@type\":\"SearchAction\",\"target\":{\"@type\":\"EntryPoint\",\"urlTemplate\":\"https:\\\/\\\/www.firstcitiz.com\\\/?s={search_term_string}\"},\"query-input\":{\"@type\":\"PropertyValueSpecification\",\"valueRequired\":true,\"valueName\":\"search_term_string\"}}],\"inLanguage\":\"fr-FR\"},{\"@type\":\"Organization\",\"@id\":\"https:\\\/\\\/www.firstcitiz.com\\\/#organization\",\"name\":\"First Citiz Berlin\",\"url\":\"https:\\\/\\\/www.firstcitiz.com\\\/\",\"logo\":{\"@type\":\"ImageObject\",\"inLanguage\":\"fr-FR\",\"@id\":\"https:\\\/\\\/www.firstcitiz.com\\\/#\\\/schema\\\/logo\\\/image\\\/\",\"url\":\"https:\\\/\\\/www.firstcitiz.com\\\/wp-content\\\/uploads\\\/2019\\\/10\\\/icon.png\",\"contentUrl\":\"https:\\\/\\\/www.firstcitiz.com\\\/wp-content\\\/uploads\\\/2019\\\/10\\\/icon.png\",\"width\":512,\"height\":512,\"caption\":\"First Citiz Berlin\"},\"image\":{\"@id\":\"https:\\\/\\\/www.firstcitiz.com\\\/#\\\/schema\\\/logo\\\/image\\\/\"},\"sameAs\":[\"https:\\\/\\\/www.facebook.com\\\/firstcitiz\\\/\"]}]}<\/script>\n<!-- \/ Yoast SEO Premium plugin. -->","yoast_head_json":{"title":"Mentions l\u00e9gales | First Citiz Berlin","description":"First Citiz GmbH est une agence immobili\u00e8re bas\u00e9e \u00e0 Berlin en Allemagne. Licence \u00a7 34c GewO pour les transactions en Allemagne d\u00e9livr\u00e9e par le district de Pankow \u00e0 Berlin.","robots":{"index":"index","follow":"follow","max-snippet":"max-snippet:-1","max-image-preview":"max-image-preview:large","max-video-preview":"max-video-preview:-1"},"canonical":"https:\/\/www.firstcitiz.com\/fr\/mentions-legales","og_locale":"fr_FR","og_type":"article","og_title":"Mentions l\u00e9gales","og_description":"First Citiz GmbH est une agence immobili\u00e8re bas\u00e9e \u00e0 Berlin en Allemagne. Licence \u00a7 34c GewO pour les transactions en Allemagne d\u00e9livr\u00e9e par le district de Pankow \u00e0 Berlin.","og_url":"https:\/\/www.firstcitiz.com\/fr\/mentions-legales","og_site_name":"First Citiz Berlin","article_publisher":"https:\/\/www.facebook.com\/firstcitiz\/","article_modified_time":"2023-10-12T16:56:29+00:00","twitter_misc":{"Dur\u00e9e de lecture estim\u00e9e":"1 minute"},"schema":{"@context":"https:\/\/schema.org","@graph":[{"@type":"WebPage","@id":"https:\/\/www.firstcitiz.com\/fr\/mentions-legales","url":"https:\/\/www.firstcitiz.com\/fr\/mentions-legales","name":"Mentions l\u00e9gales | First Citiz Berlin","isPartOf":{"@id":"https:\/\/www.firstcitiz.com\/#website"},"datePublished":"2020-04-29T13:13:45+00:00","dateModified":"2023-10-12T16:56:29+00:00","description":"First Citiz GmbH est une agence immobili\u00e8re bas\u00e9e \u00e0 Berlin en Allemagne. Licence \u00a7 34c GewO pour les transactions en Allemagne d\u00e9livr\u00e9e par le district de Pankow \u00e0 Berlin.","breadcrumb":{"@id":"https:\/\/www.firstcitiz.com\/fr\/mentions-legales#breadcrumb"},"inLanguage":"fr-FR","potentialAction":[{"@type":"ReadAction","target":["https:\/\/www.firstcitiz.com\/fr\/mentions-legales"]}]},{"@type":"BreadcrumbList","@id":"https:\/\/www.firstcitiz.com\/fr\/mentions-legales#breadcrumb","itemListElement":[{"@type":"ListItem","position":1,"name":"Home","item":"https:\/\/www.firstcitiz.com\/fr"},{"@type":"ListItem","position":2,"name":"Mentions l\u00e9gales"}]},{"@type":"WebSite","@id":"https:\/\/www.firstcitiz.com\/#website","url":"https:\/\/www.firstcitiz.com\/","name":"First Citiz Berlin","description":"International real estate agency | Berlin apartments &amp; properties for sale","publisher":{"@id":"https:\/\/www.firstcitiz.com\/#organization"},"potentialAction":[{"@type":"SearchAction","target":{"@type":"EntryPoint","urlTemplate":"https:\/\/www.firstcitiz.com\/?s={search_term_string}"},"query-input":{"@type":"PropertyValueSpecification","valueRequired":true,"valueName":"search_term_string"}}],"inLanguage":"fr-FR"},{"@type":"Organization","@id":"https:\/\/www.firstcitiz.com\/#organization","name":"First Citiz Berlin","url":"https:\/\/www.firstcitiz.com\/","logo":{"@type":"ImageObject","inLanguage":"fr-FR","@id":"https:\/\/www.firstcitiz.com\/#\/schema\/logo\/image\/","url":"https:\/\/www.firstcitiz.com\/wp-content\/uploads\/2019\/10\/icon.png","contentUrl":"https:\/\/www.firstcitiz.com\/wp-content\/uploads\/2019\/10\/icon.png","width":512,"height":512,"caption":"First Citiz Berlin"},"image":{"@id":"https:\/\/www.firstcitiz.com\/#\/schema\/logo\/image\/"},"sameAs":["https:\/\/www.facebook.com\/firstcitiz\/"]}]}},"_links":{"self":[{"href":"https:\/\/www.firstcitiz.com\/fr\/wp-json\/wp\/v2\/pages\/20534","targetHints":{"allow":["GET"]}}],"collection":[{"href":"https:\/\/www.firstcitiz.com\/fr\/wp-json\/wp\/v2\/pages"}],"about":[{"href":"https:\/\/www.firstcitiz.com\/fr\/wp-json\/wp\/v2\/types\/page"}],"author":[{"embeddable":true,"href":"https:\/\/www.firstcitiz.com\/fr\/wp-json\/wp\/v2\/users\/1"}],"replies":[{"embeddable":true,"href":"https:\/\/www.firstcitiz.com\/fr\/wp-json\/wp\/v2\/comments?post=20534"}],"version-history":[{"count":1,"href":"https:\/\/www.firstcitiz.com\/fr\/wp-json\/wp\/v2\/pages\/20534\/revisions"}],"predecessor-version":[{"id":1345559,"href":"https:\/\/www.firstcitiz.com\/fr\/wp-json\/wp\/v2\/pages\/20534\/revisions\/1345559"}],"wp:attachment":[{"href":"https:\/\/www.firstcitiz.com\/fr\/wp-json\/wp\/v2\/media?parent=20534"}],"curies":[{"name":"wp","href":"https:\/\/api.w.org\/{rel}","templated":true}]}}